{"id":19,"date":"2019-09-19T21:35:09","date_gmt":"2019-09-19T19:35:09","guid":{"rendered":"http:\/\/www.odvjetnik-strniscak.hr\/de\/?page_id=19"},"modified":"2021-05-14T18:26:44","modified_gmt":"2021-05-14T16:26:44","slug":"blog","status":"publish","type":"page","link":"https:\/\/www.odvjetnik-strniscak.hr\/de\/blog\/","title":{"rendered":"Blog"},"content":{"rendered":"","protected":false},"excerpt":{"rendered":"","protected":false},"author":1,"featured_media":0,"parent":0,"menu_order":0,"comment_status":"closed","ping_status":"closed","template":"template-posts_page.php","meta":{"_mi_skip_tracking":false},"yoast_head":"<!-- This site is optimized with the Yoast SEO plugin v17.9 - https:\/\/yoast.com\/wordpress\/plugins\/seo\/ -->\n<title>Odvjetnik | \u010cakovec | Blog - Rechtsanwalt Tomislav Strni\u0161\u010dak<\/title>\n<meta name=\"description\" content=\"Odvjetnik \u010cakovec. Odvjetni\u010dki ured Tomislav Strni\u0161\u010dak. O pojedinom pravnom pitanju mo\u017eete pro\u010ditati vi\u0161e u na\u0161im stru\u010dnim \u010dlancima. Javite nam se\" \/>\n<meta name=\"robots\" content=\"index, follow, max-snippet:-1, max-image-preview:large, max-video-preview:-1\" \/>\n<link rel=\"canonical\" href=\"https:\/\/www.odvjetnik-strniscak.hr\/de\/blog\/\" \/>\n<meta property=\"og:locale\" content=\"hr_HR\" \/>\n<meta property=\"og:type\" content=\"article\" \/>\n<meta property=\"og:title\" content=\"Odvjetnik | \u010cakovec | Blog - Rechtsanwalt Tomislav Strni\u0161\u010dak\" \/>\n<meta property=\"og:description\" content=\"Odvjetnik \u010cakovec. Odvjetni\u010dki ured Tomislav Strni\u0161\u010dak. O pojedinom pravnom pitanju mo\u017eete pro\u010ditati vi\u0161e u na\u0161im stru\u010dnim \u010dlancima. Javite nam se\" \/>\n<meta property=\"og:url\" content=\"https:\/\/www.odvjetnik-strniscak.hr\/de\/blog\/\" \/>\n<meta property=\"og:site_name\" content=\"Rechtsanwalt Tomislav Strni\u0161\u010dak\" \/>\n<meta property=\"article:modified_time\" content=\"2021-05-14T16:26:44+00:00\" \/>\n<meta name=\"twitter:card\" content=\"summary_large_image\" \/>\n<script type=\"application\/ld+json\" class=\"yoast-schema-graph\">{\"@context\":\"https:\/\/schema.org\",\"@graph\":[{\"@type\":\"WebSite\",\"@id\":\"https:\/\/www.odvjetnik-strniscak.hr\/de\/#website\",\"url\":\"https:\/\/www.odvjetnik-strniscak.hr\/de\/\",\"name\":\"Rechtsanwalt Tomislav Strni\\u0161\\u010dak\",\"description\":\"Odvjetnik \\u010cakovec\",\"potentialAction\":[{\"@type\":\"SearchAction\",\"target\":{\"@type\":\"EntryPoint\",\"urlTemplate\":\"https:\/\/www.odvjetnik-strniscak.hr\/de\/?s={search_term_string}\"},\"query-input\":\"required name=search_term_string\"}],\"inLanguage\":\"hr\"},{\"@type\":\"WebPage\",\"@id\":\"https:\/\/www.odvjetnik-strniscak.hr\/de\/blog\/#webpage\",\"url\":\"https:\/\/www.odvjetnik-strniscak.hr\/de\/blog\/\",\"name\":\"Odvjetnik | \\u010cakovec | Blog - Rechtsanwalt Tomislav Strni\\u0161\\u010dak\",\"isPartOf\":{\"@id\":\"https:\/\/www.odvjetnik-strniscak.hr\/de\/#website\"},\"datePublished\":\"2019-09-19T19:35:09+00:00\",\"dateModified\":\"2021-05-14T16:26:44+00:00\",\"description\":\"Odvjetnik \\u010cakovec. Odvjetni\\u010dki ured Tomislav Strni\\u0161\\u010dak. O pojedinom pravnom pitanju mo\\u017eete pro\\u010ditati vi\\u0161e u na\\u0161im stru\\u010dnim \\u010dlancima. Javite nam se\",\"breadcrumb\":{\"@id\":\"https:\/\/www.odvjetnik-strniscak.hr\/de\/blog\/#breadcrumb\"},\"inLanguage\":\"hr\",\"potentialAction\":[{\"@type\":\"ReadAction\",\"target\":[\"https:\/\/www.odvjetnik-strniscak.hr\/de\/blog\/\"]}]},{\"@type\":\"BreadcrumbList\",\"@id\":\"https:\/\/www.odvjetnik-strniscak.hr\/de\/blog\/#breadcrumb\",\"itemListElement\":[{\"@type\":\"ListItem\",\"position\":1,\"name\":\"Po\\u010detna stranica\",\"item\":\"https:\/\/www.odvjetnik-strniscak.hr\/de\/\"},{\"@type\":\"ListItem\",\"position\":2,\"name\":\"Blog\"}]}]}<\/script>\n<!-- \/ Yoast SEO plugin. -->","yoast_head_json":{"title":"Odvjetnik | \u010cakovec | Blog - Rechtsanwalt Tomislav Strni\u0161\u010dak","description":"Odvjetnik \u010cakovec. Odvjetni\u010dki ured Tomislav Strni\u0161\u010dak. O pojedinom pravnom pitanju mo\u017eete pro\u010ditati vi\u0161e u na\u0161im stru\u010dnim \u010dlancima. Javite nam se","robots":{"index":"index","follow":"follow","max-snippet":"max-snippet:-1","max-image-preview":"max-image-preview:large","max-video-preview":"max-video-preview:-1"},"canonical":"https:\/\/www.odvjetnik-strniscak.hr\/de\/blog\/","og_locale":"hr_HR","og_type":"article","og_title":"Odvjetnik | \u010cakovec | Blog - Rechtsanwalt Tomislav Strni\u0161\u010dak","og_description":"Odvjetnik \u010cakovec. Odvjetni\u010dki ured Tomislav Strni\u0161\u010dak. O pojedinom pravnom pitanju mo\u017eete pro\u010ditati vi\u0161e u na\u0161im stru\u010dnim \u010dlancima. Javite nam se","og_url":"https:\/\/www.odvjetnik-strniscak.hr\/de\/blog\/","og_site_name":"Rechtsanwalt Tomislav Strni\u0161\u010dak","article_modified_time":"2021-05-14T16:26:44+00:00","twitter_card":"summary_large_image","schema":{"@context":"https:\/\/schema.org","@graph":[{"@type":"WebSite","@id":"https:\/\/www.odvjetnik-strniscak.hr\/de\/#website","url":"https:\/\/www.odvjetnik-strniscak.hr\/de\/","name":"Rechtsanwalt Tomislav Strni\u0161\u010dak","description":"Odvjetnik \u010cakovec","potentialAction":[{"@type":"SearchAction","target":{"@type":"EntryPoint","urlTemplate":"https:\/\/www.odvjetnik-strniscak.hr\/de\/?s={search_term_string}"},"query-input":"required name=search_term_string"}],"inLanguage":"hr"},{"@type":"WebPage","@id":"https:\/\/www.odvjetnik-strniscak.hr\/de\/blog\/#webpage","url":"https:\/\/www.odvjetnik-strniscak.hr\/de\/blog\/","name":"Odvjetnik | \u010cakovec | Blog - Rechtsanwalt Tomislav Strni\u0161\u010dak","isPartOf":{"@id":"https:\/\/www.odvjetnik-strniscak.hr\/de\/#website"},"datePublished":"2019-09-19T19:35:09+00:00","dateModified":"2021-05-14T16:26:44+00:00","description":"Odvjetnik \u010cakovec. Odvjetni\u010dki ured Tomislav Strni\u0161\u010dak. O pojedinom pravnom pitanju mo\u017eete pro\u010ditati vi\u0161e u na\u0161im stru\u010dnim \u010dlancima. Javite nam se","breadcrumb":{"@id":"https:\/\/www.odvjetnik-strniscak.hr\/de\/blog\/#breadcrumb"},"inLanguage":"hr","potentialAction":[{"@type":"ReadAction","target":["https:\/\/www.odvjetnik-strniscak.hr\/de\/blog\/"]}]},{"@type":"BreadcrumbList","@id":"https:\/\/www.odvjetnik-strniscak.hr\/de\/blog\/#breadcrumb","itemListElement":[{"@type":"ListItem","position":1,"name":"Po\u010detna stranica","item":"https:\/\/www.odvjetnik-strniscak.hr\/de\/"},{"@type":"ListItem","position":2,"name":"Blog"}]}]}},"_links":{"self":[{"href":"https:\/\/www.odvjetnik-strniscak.hr\/de\/wp-json\/wp\/v2\/pages\/19"}],"collection":[{"href":"https:\/\/www.odvjetnik-strniscak.hr\/de\/wp-json\/wp\/v2\/pages"}],"about":[{"href":"https:\/\/www.odvjetnik-strniscak.hr\/de\/wp-json\/wp\/v2\/types\/page"}],"author":[{"embeddable":true,"href":"https:\/\/www.odvjetnik-strniscak.hr\/de\/wp-json\/wp\/v2\/users\/1"}],"replies":[{"embeddable":true,"href":"https:\/\/www.odvjetnik-strniscak.hr\/de\/wp-json\/wp\/v2\/comments?post=19"}],"version-history":[{"count":10,"href":"https:\/\/www.odvjetnik-strniscak.hr\/de\/wp-json\/wp\/v2\/pages\/19\/revisions"}],"predecessor-version":[{"id":5567,"href":"https:\/\/www.odvjetnik-strniscak.hr\/de\/wp-json\/wp\/v2\/pages\/19\/revisions\/5567"}],"wp:attachment":[{"href":"https:\/\/www.odvjetnik-strniscak.hr\/de\/wp-json\/wp\/v2\/media?parent=19"}],"curies":[{"name":"wp","href":"https:\/\/api.w.org\/{rel}","templated":true}]}}