{"id":32,"date":"2019-09-19T22:00:22","date_gmt":"2019-09-19T20:00:22","guid":{"rendered":"http:\/\/www.odvjetnik-strniscak.hr\/de\/?page_id=32"},"modified":"2021-04-21T03:41:40","modified_gmt":"2021-04-21T01:41:40","slug":"nutzungsbedingungen","status":"publish","type":"page","link":"https:\/\/www.odvjetnik-strniscak.hr\/de\/nutzungsbedingungen\/","title":{"rendered":"Nutzungsbedingungen"},"content":{"rendered":"\n<p>Vielen Dank f\u00fcr Ihren Besuch.<\/p>\n\n\n\n<p>Diese\u00a0Webseite\u00a0ist noch in Bearbeitung.<\/p>\n","protected":false},"excerpt":{"rendered":"<p>Vielen Dank f\u00fcr Ihren Besuch. Diese\u00a0Webseite\u00a0ist noch in Bearbeitung.<\/p>\n","protected":false},"author":1,"featured_media":3369,"parent":0,"menu_order":0,"comment_status":"closed","ping_status":"closed","template":"","meta":{"_mi_skip_tracking":false},"yoast_head":"<!-- This site is optimized with the Yoast SEO plugin v17.9 - https:\/\/yoast.com\/wordpress\/plugins\/seo\/ -->\n<title>Uvjeti kori\u0161tenja web stranice - Rechtsanwalt Tomislav Strni\u0161\u010dak<\/title>\n<meta name=\"description\" content=\"Uvjeti kori\u0161tenja web stranice ure\u0111uju na\u010din na koji posjetitelj koji pristupa web stranci koristi konkretnu web stranicu. Odvjetnik Tomislav Strni\u0161\u010dak\u2026.\" \/>\n<meta name=\"robots\" content=\"index, follow, max-snippet:-1, max-image-preview:large, max-video-preview:-1\" \/>\n<link rel=\"canonical\" href=\"https:\/\/www.odvjetnik-strniscak.hr\/de\/nutzungsbedingungen\/\" \/>\n<meta property=\"og:locale\" content=\"hr_HR\" \/>\n<meta property=\"og:type\" content=\"article\" \/>\n<meta property=\"og:title\" content=\"Uvjeti kori\u0161tenja web stranice - Rechtsanwalt Tomislav Strni\u0161\u010dak\" \/>\n<meta property=\"og:description\" content=\"Uvjeti kori\u0161tenja web stranice ure\u0111uju na\u010din na koji posjetitelj koji pristupa web stranci koristi konkretnu web stranicu. Odvjetnik Tomislav Strni\u0161\u010dak\u2026.\" \/>\n<meta property=\"og:url\" content=\"https:\/\/www.odvjetnik-strniscak.hr\/de\/nutzungsbedingungen\/\" \/>\n<meta property=\"og:site_name\" content=\"Rechtsanwalt Tomislav Strni\u0161\u010dak\" \/>\n<meta property=\"article:modified_time\" content=\"2021-04-21T01:41:40+00:00\" \/>\n<meta property=\"og:image\" content=\"https:\/\/www.odvjetnik-strniscak.hr\/de\/wp-content\/uploads\/sites\/4\/2020\/04\/Uvjeti-kori\u0161tenja-web-stranice-odvjetnika.jpg\" \/>\n\t<meta property=\"og:image:width\" content=\"1250\" \/>\n\t<meta property=\"og:image:height\" content=\"632\" \/>\n\t<meta property=\"og:image:type\" content=\"image\/jpeg\" \/>\n<meta name=\"twitter:card\" content=\"summary_large_image\" \/>\n<script type=\"application\/ld+json\" class=\"yoast-schema-graph\">{\"@context\":\"https:\/\/schema.org\",\"@graph\":[{\"@type\":\"WebSite\",\"@id\":\"https:\/\/www.odvjetnik-strniscak.hr\/de\/#website\",\"url\":\"https:\/\/www.odvjetnik-strniscak.hr\/de\/\",\"name\":\"Rechtsanwalt Tomislav Strni\\u0161\\u010dak\",\"description\":\"Odvjetnik \\u010cakovec\",\"potentialAction\":[{\"@type\":\"SearchAction\",\"target\":{\"@type\":\"EntryPoint\",\"urlTemplate\":\"https:\/\/www.odvjetnik-strniscak.hr\/de\/?s={search_term_string}\"},\"query-input\":\"required name=search_term_string\"}],\"inLanguage\":\"hr\"},{\"@type\":\"ImageObject\",\"@id\":\"https:\/\/www.odvjetnik-strniscak.hr\/de\/nutzungsbedingungen\/#primaryimage\",\"inLanguage\":\"hr\",\"url\":\"https:\/\/www.odvjetnik-strniscak.hr\/de\/wp-content\/uploads\/sites\/4\/2020\/04\/Uvjeti-kori\\u0161tenja-web-stranice-odvjetnika.jpg\",\"contentUrl\":\"https:\/\/www.odvjetnik-strniscak.hr\/de\/wp-content\/uploads\/sites\/4\/2020\/04\/Uvjeti-kori\\u0161tenja-web-stranice-odvjetnika.jpg\",\"width\":1250,\"height\":632,\"caption\":\"Uvjeti kori\\u0161tenja web stranice odvjetnika\"},{\"@type\":\"WebPage\",\"@id\":\"https:\/\/www.odvjetnik-strniscak.hr\/de\/nutzungsbedingungen\/#webpage\",\"url\":\"https:\/\/www.odvjetnik-strniscak.hr\/de\/nutzungsbedingungen\/\",\"name\":\"Uvjeti kori\\u0161tenja web stranice - Rechtsanwalt Tomislav Strni\\u0161\\u010dak\",\"isPartOf\":{\"@id\":\"https:\/\/www.odvjetnik-strniscak.hr\/de\/#website\"},\"primaryImageOfPage\":{\"@id\":\"https:\/\/www.odvjetnik-strniscak.hr\/de\/nutzungsbedingungen\/#primaryimage\"},\"datePublished\":\"2019-09-19T20:00:22+00:00\",\"dateModified\":\"2021-04-21T01:41:40+00:00\",\"description\":\"Uvjeti kori\\u0161tenja web stranice ure\\u0111uju na\\u010din na koji posjetitelj koji pristupa web stranci koristi konkretnu web stranicu. Odvjetnik Tomislav Strni\\u0161\\u010dak\\u2026.\",\"breadcrumb\":{\"@id\":\"https:\/\/www.odvjetnik-strniscak.hr\/de\/nutzungsbedingungen\/#breadcrumb\"},\"inLanguage\":\"hr\",\"potentialAction\":[{\"@type\":\"ReadAction\",\"target\":[\"https:\/\/www.odvjetnik-strniscak.hr\/de\/nutzungsbedingungen\/\"]}]},{\"@type\":\"BreadcrumbList\",\"@id\":\"https:\/\/www.odvjetnik-strniscak.hr\/de\/nutzungsbedingungen\/#breadcrumb\",\"itemListElement\":[{\"@type\":\"ListItem\",\"position\":1,\"name\":\"Po\\u010detna stranica\",\"item\":\"https:\/\/www.odvjetnik-strniscak.hr\/de\/\"},{\"@type\":\"ListItem\",\"position\":2,\"name\":\"Nutzungsbedingungen\"}]}]}<\/script>\n<!-- \/ Yoast SEO plugin. -->","yoast_head_json":{"title":"Uvjeti kori\u0161tenja web stranice - Rechtsanwalt Tomislav Strni\u0161\u010dak","description":"Uvjeti kori\u0161tenja web stranice ure\u0111uju na\u010din na koji posjetitelj koji pristupa web stranci koristi konkretnu web stranicu. Odvjetnik Tomislav Strni\u0161\u010dak\u2026.","robots":{"index":"index","follow":"follow","max-snippet":"max-snippet:-1","max-image-preview":"max-image-preview:large","max-video-preview":"max-video-preview:-1"},"canonical":"https:\/\/www.odvjetnik-strniscak.hr\/de\/nutzungsbedingungen\/","og_locale":"hr_HR","og_type":"article","og_title":"Uvjeti kori\u0161tenja web stranice - Rechtsanwalt Tomislav Strni\u0161\u010dak","og_description":"Uvjeti kori\u0161tenja web stranice ure\u0111uju na\u010din na koji posjetitelj koji pristupa web stranci koristi konkretnu web stranicu. Odvjetnik Tomislav Strni\u0161\u010dak\u2026.","og_url":"https:\/\/www.odvjetnik-strniscak.hr\/de\/nutzungsbedingungen\/","og_site_name":"Rechtsanwalt Tomislav Strni\u0161\u010dak","article_modified_time":"2021-04-21T01:41:40+00:00","og_image":[{"width":1250,"height":632,"url":"https:\/\/www.odvjetnik-strniscak.hr\/de\/wp-content\/uploads\/sites\/4\/2020\/04\/Uvjeti-kori\u0161tenja-web-stranice-odvjetnika.jpg","type":"image\/jpeg"}],"twitter_card":"summary_large_image","schema":{"@context":"https:\/\/schema.org","@graph":[{"@type":"WebSite","@id":"https:\/\/www.odvjetnik-strniscak.hr\/de\/#website","url":"https:\/\/www.odvjetnik-strniscak.hr\/de\/","name":"Rechtsanwalt Tomislav Strni\u0161\u010dak","description":"Odvjetnik \u010cakovec","potentialAction":[{"@type":"SearchAction","target":{"@type":"EntryPoint","urlTemplate":"https:\/\/www.odvjetnik-strniscak.hr\/de\/?s={search_term_string}"},"query-input":"required name=search_term_string"}],"inLanguage":"hr"},{"@type":"ImageObject","@id":"https:\/\/www.odvjetnik-strniscak.hr\/de\/nutzungsbedingungen\/#primaryimage","inLanguage":"hr","url":"https:\/\/www.odvjetnik-strniscak.hr\/de\/wp-content\/uploads\/sites\/4\/2020\/04\/Uvjeti-kori\u0161tenja-web-stranice-odvjetnika.jpg","contentUrl":"https:\/\/www.odvjetnik-strniscak.hr\/de\/wp-content\/uploads\/sites\/4\/2020\/04\/Uvjeti-kori\u0161tenja-web-stranice-odvjetnika.jpg","width":1250,"height":632,"caption":"Uvjeti kori\u0161tenja web stranice odvjetnika"},{"@type":"WebPage","@id":"https:\/\/www.odvjetnik-strniscak.hr\/de\/nutzungsbedingungen\/#webpage","url":"https:\/\/www.odvjetnik-strniscak.hr\/de\/nutzungsbedingungen\/","name":"Uvjeti kori\u0161tenja web stranice - Rechtsanwalt Tomislav Strni\u0161\u010dak","isPartOf":{"@id":"https:\/\/www.odvjetnik-strniscak.hr\/de\/#website"},"primaryImageOfPage":{"@id":"https:\/\/www.odvjetnik-strniscak.hr\/de\/nutzungsbedingungen\/#primaryimage"},"datePublished":"2019-09-19T20:00:22+00:00","dateModified":"2021-04-21T01:41:40+00:00","description":"Uvjeti kori\u0161tenja web stranice ure\u0111uju na\u010din na koji posjetitelj koji pristupa web stranci koristi konkretnu web stranicu. Odvjetnik Tomislav Strni\u0161\u010dak\u2026.","breadcrumb":{"@id":"https:\/\/www.odvjetnik-strniscak.hr\/de\/nutzungsbedingungen\/#breadcrumb"},"inLanguage":"hr","potentialAction":[{"@type":"ReadAction","target":["https:\/\/www.odvjetnik-strniscak.hr\/de\/nutzungsbedingungen\/"]}]},{"@type":"BreadcrumbList","@id":"https:\/\/www.odvjetnik-strniscak.hr\/de\/nutzungsbedingungen\/#breadcrumb","itemListElement":[{"@type":"ListItem","position":1,"name":"Po\u010detna stranica","item":"https:\/\/www.odvjetnik-strniscak.hr\/de\/"},{"@type":"ListItem","position":2,"name":"Nutzungsbedingungen"}]}]}},"_links":{"self":[{"href":"https:\/\/www.odvjetnik-strniscak.hr\/de\/wp-json\/wp\/v2\/pages\/32"}],"collection":[{"href":"https:\/\/www.odvjetnik-strniscak.hr\/de\/wp-json\/wp\/v2\/pages"}],"about":[{"href":"https:\/\/www.odvjetnik-strniscak.hr\/de\/wp-json\/wp\/v2\/types\/page"}],"author":[{"embeddable":true,"href":"https:\/\/www.odvjetnik-strniscak.hr\/de\/wp-json\/wp\/v2\/users\/1"}],"replies":[{"embeddable":true,"href":"https:\/\/www.odvjetnik-strniscak.hr\/de\/wp-json\/wp\/v2\/comments?post=32"}],"version-history":[{"count":17,"href":"https:\/\/www.odvjetnik-strniscak.hr\/de\/wp-json\/wp\/v2\/pages\/32\/revisions"}],"predecessor-version":[{"id":5550,"href":"https:\/\/www.odvjetnik-strniscak.hr\/de\/wp-json\/wp\/v2\/pages\/32\/revisions\/5550"}],"wp:featuredmedia":[{"embeddable":true,"href":"https:\/\/www.odvjetnik-strniscak.hr\/de\/wp-json\/wp\/v2\/media\/3369"}],"wp:attachment":[{"href":"https:\/\/www.odvjetnik-strniscak.hr\/de\/wp-json\/wp\/v2\/media?parent=32"}],"curies":[{"name":"wp","href":"https:\/\/api.w.org\/{rel}","templated":true}]}}