{"id":40,"date":"2019-09-19T22:01:12","date_gmt":"2019-09-19T20:01:12","guid":{"rendered":"http:\/\/www.odvjetnik-strniscak.hr\/de\/?page_id=40"},"modified":"2021-04-21T03:41:18","modified_gmt":"2021-04-21T01:41:18","slug":"datenschutz","status":"publish","type":"page","link":"https:\/\/www.odvjetnik-strniscak.hr\/de\/datenschutz\/","title":{"rendered":"Datenschutz"},"content":{"rendered":"\n<p>Vielen Dank f\u00fcr Ihren Besuch.<\/p>\n\n\n\n<p>Diese&nbsp;Webseite&nbsp;ist noch in Bearbeitung.<\/p>\n","protected":false},"excerpt":{"rendered":"<p>Vielen Dank f\u00fcr Ihren Besuch. Diese&nbsp;Webseite&nbsp;ist noch in Bearbeitung.<\/p>\n","protected":false},"author":1,"featured_media":3329,"parent":0,"menu_order":0,"comment_status":"closed","ping_status":"closed","template":"","meta":{"_mi_skip_tracking":false},"yoast_head":"<!-- This site is optimized with the Yoast SEO plugin v17.9 - https:\/\/yoast.com\/wordpress\/plugins\/seo\/ -->\n<title>Politika za\u0161tite osobnih podataka - Odvjetni\u010dki ured Tomislav Strni\u0161\u010dak<\/title>\n<meta name=\"description\" content=\"Politika za\u0161tite osobnih podataka i Va\u0161e privatnosti prilikom posjeta web stranicama www.odvjetnik-strniscak.hr\/de je nama va\u017ena. Za za\u0161titu osobnih\" \/>\n<meta name=\"robots\" content=\"index, follow, max-snippet:-1, max-image-preview:large, max-video-preview:-1\" \/>\n<link rel=\"canonical\" href=\"https:\/\/www.odvjetnik-strniscak.hr\/de\/datenschutz\/\" \/>\n<meta property=\"og:locale\" content=\"hr_HR\" \/>\n<meta property=\"og:type\" content=\"article\" \/>\n<meta property=\"og:title\" content=\"Politika za\u0161tite osobnih podataka - Odvjetni\u010dki ured Tomislav Strni\u0161\u010dak\" \/>\n<meta property=\"og:description\" content=\"Politika za\u0161tite osobnih podataka i Va\u0161e privatnosti prilikom posjeta web stranicama www.odvjetnik-strniscak.hr\/de je nama va\u017ena. Za za\u0161titu osobnih\" \/>\n<meta property=\"og:url\" content=\"https:\/\/www.odvjetnik-strniscak.hr\/de\/datenschutz\/\" \/>\n<meta property=\"og:site_name\" content=\"Rechtsanwalt Tomislav Strni\u0161\u010dak\" \/>\n<meta property=\"article:modified_time\" content=\"2021-04-21T01:41:18+00:00\" \/>\n<meta property=\"og:image\" content=\"https:\/\/www.odvjetnik-strniscak.hr\/de\/wp-content\/uploads\/sites\/4\/2020\/04\/Politika-za\u0161tite-osobnih-podataka.jpg\" \/>\n\t<meta property=\"og:image:width\" content=\"1250\" \/>\n\t<meta property=\"og:image:height\" content=\"632\" \/>\n\t<meta property=\"og:image:type\" content=\"image\/jpeg\" \/>\n<meta name=\"twitter:card\" content=\"summary_large_image\" \/>\n<script type=\"application\/ld+json\" class=\"yoast-schema-graph\">{\"@context\":\"https:\/\/schema.org\",\"@graph\":[{\"@type\":\"WebSite\",\"@id\":\"https:\/\/www.odvjetnik-strniscak.hr\/de\/#website\",\"url\":\"https:\/\/www.odvjetnik-strniscak.hr\/de\/\",\"name\":\"Rechtsanwalt Tomislav Strni\\u0161\\u010dak\",\"description\":\"Odvjetnik \\u010cakovec\",\"potentialAction\":[{\"@type\":\"SearchAction\",\"target\":{\"@type\":\"EntryPoint\",\"urlTemplate\":\"https:\/\/www.odvjetnik-strniscak.hr\/de\/?s={search_term_string}\"},\"query-input\":\"required name=search_term_string\"}],\"inLanguage\":\"hr\"},{\"@type\":\"ImageObject\",\"@id\":\"https:\/\/www.odvjetnik-strniscak.hr\/de\/datenschutz\/#primaryimage\",\"inLanguage\":\"hr\",\"url\":\"https:\/\/www.odvjetnik-strniscak.hr\/de\/wp-content\/uploads\/sites\/4\/2020\/04\/Politika-za\\u0161tite-osobnih-podataka.jpg\",\"contentUrl\":\"https:\/\/www.odvjetnik-strniscak.hr\/de\/wp-content\/uploads\/sites\/4\/2020\/04\/Politika-za\\u0161tite-osobnih-podataka.jpg\",\"width\":1250,\"height\":632,\"caption\":\"Politika za\\u0161tite osobnih podataka\"},{\"@type\":\"WebPage\",\"@id\":\"https:\/\/www.odvjetnik-strniscak.hr\/de\/datenschutz\/#webpage\",\"url\":\"https:\/\/www.odvjetnik-strniscak.hr\/de\/datenschutz\/\",\"name\":\"Politika za\\u0161tite osobnih podataka - Odvjetni\\u010dki ured Tomislav Strni\\u0161\\u010dak\",\"isPartOf\":{\"@id\":\"https:\/\/www.odvjetnik-strniscak.hr\/de\/#website\"},\"primaryImageOfPage\":{\"@id\":\"https:\/\/www.odvjetnik-strniscak.hr\/de\/datenschutz\/#primaryimage\"},\"datePublished\":\"2019-09-19T20:01:12+00:00\",\"dateModified\":\"2021-04-21T01:41:18+00:00\",\"description\":\"Politika za\\u0161tite osobnih podataka i Va\\u0161e privatnosti prilikom posjeta web stranicama www.odvjetnik-strniscak.hr\/de je nama va\\u017ena. Za za\\u0161titu osobnih\",\"breadcrumb\":{\"@id\":\"https:\/\/www.odvjetnik-strniscak.hr\/de\/datenschutz\/#breadcrumb\"},\"inLanguage\":\"hr\",\"potentialAction\":[{\"@type\":\"ReadAction\",\"target\":[\"https:\/\/www.odvjetnik-strniscak.hr\/de\/datenschutz\/\"]}]},{\"@type\":\"BreadcrumbList\",\"@id\":\"https:\/\/www.odvjetnik-strniscak.hr\/de\/datenschutz\/#breadcrumb\",\"itemListElement\":[{\"@type\":\"ListItem\",\"position\":1,\"name\":\"Po\\u010detna stranica\",\"item\":\"https:\/\/www.odvjetnik-strniscak.hr\/de\/\"},{\"@type\":\"ListItem\",\"position\":2,\"name\":\"Datenschutz\"}]}]}<\/script>\n<!-- \/ Yoast SEO plugin. -->","yoast_head_json":{"title":"Politika za\u0161tite osobnih podataka - Odvjetni\u010dki ured Tomislav Strni\u0161\u010dak","description":"Politika za\u0161tite osobnih podataka i Va\u0161e privatnosti prilikom posjeta web stranicama www.odvjetnik-strniscak.hr\/de je nama va\u017ena. Za za\u0161titu osobnih","robots":{"index":"index","follow":"follow","max-snippet":"max-snippet:-1","max-image-preview":"max-image-preview:large","max-video-preview":"max-video-preview:-1"},"canonical":"https:\/\/www.odvjetnik-strniscak.hr\/de\/datenschutz\/","og_locale":"hr_HR","og_type":"article","og_title":"Politika za\u0161tite osobnih podataka - Odvjetni\u010dki ured Tomislav Strni\u0161\u010dak","og_description":"Politika za\u0161tite osobnih podataka i Va\u0161e privatnosti prilikom posjeta web stranicama www.odvjetnik-strniscak.hr\/de je nama va\u017ena. Za za\u0161titu osobnih","og_url":"https:\/\/www.odvjetnik-strniscak.hr\/de\/datenschutz\/","og_site_name":"Rechtsanwalt Tomislav Strni\u0161\u010dak","article_modified_time":"2021-04-21T01:41:18+00:00","og_image":[{"width":1250,"height":632,"url":"https:\/\/www.odvjetnik-strniscak.hr\/de\/wp-content\/uploads\/sites\/4\/2020\/04\/Politika-za\u0161tite-osobnih-podataka.jpg","type":"image\/jpeg"}],"twitter_card":"summary_large_image","schema":{"@context":"https:\/\/schema.org","@graph":[{"@type":"WebSite","@id":"https:\/\/www.odvjetnik-strniscak.hr\/de\/#website","url":"https:\/\/www.odvjetnik-strniscak.hr\/de\/","name":"Rechtsanwalt Tomislav Strni\u0161\u010dak","description":"Odvjetnik \u010cakovec","potentialAction":[{"@type":"SearchAction","target":{"@type":"EntryPoint","urlTemplate":"https:\/\/www.odvjetnik-strniscak.hr\/de\/?s={search_term_string}"},"query-input":"required name=search_term_string"}],"inLanguage":"hr"},{"@type":"ImageObject","@id":"https:\/\/www.odvjetnik-strniscak.hr\/de\/datenschutz\/#primaryimage","inLanguage":"hr","url":"https:\/\/www.odvjetnik-strniscak.hr\/de\/wp-content\/uploads\/sites\/4\/2020\/04\/Politika-za\u0161tite-osobnih-podataka.jpg","contentUrl":"https:\/\/www.odvjetnik-strniscak.hr\/de\/wp-content\/uploads\/sites\/4\/2020\/04\/Politika-za\u0161tite-osobnih-podataka.jpg","width":1250,"height":632,"caption":"Politika za\u0161tite osobnih podataka"},{"@type":"WebPage","@id":"https:\/\/www.odvjetnik-strniscak.hr\/de\/datenschutz\/#webpage","url":"https:\/\/www.odvjetnik-strniscak.hr\/de\/datenschutz\/","name":"Politika za\u0161tite osobnih podataka - Odvjetni\u010dki ured Tomislav Strni\u0161\u010dak","isPartOf":{"@id":"https:\/\/www.odvjetnik-strniscak.hr\/de\/#website"},"primaryImageOfPage":{"@id":"https:\/\/www.odvjetnik-strniscak.hr\/de\/datenschutz\/#primaryimage"},"datePublished":"2019-09-19T20:01:12+00:00","dateModified":"2021-04-21T01:41:18+00:00","description":"Politika za\u0161tite osobnih podataka i Va\u0161e privatnosti prilikom posjeta web stranicama www.odvjetnik-strniscak.hr\/de je nama va\u017ena. Za za\u0161titu osobnih","breadcrumb":{"@id":"https:\/\/www.odvjetnik-strniscak.hr\/de\/datenschutz\/#breadcrumb"},"inLanguage":"hr","potentialAction":[{"@type":"ReadAction","target":["https:\/\/www.odvjetnik-strniscak.hr\/de\/datenschutz\/"]}]},{"@type":"BreadcrumbList","@id":"https:\/\/www.odvjetnik-strniscak.hr\/de\/datenschutz\/#breadcrumb","itemListElement":[{"@type":"ListItem","position":1,"name":"Po\u010detna stranica","item":"https:\/\/www.odvjetnik-strniscak.hr\/de\/"},{"@type":"ListItem","position":2,"name":"Datenschutz"}]}]}},"_links":{"self":[{"href":"https:\/\/www.odvjetnik-strniscak.hr\/de\/wp-json\/wp\/v2\/pages\/40"}],"collection":[{"href":"https:\/\/www.odvjetnik-strniscak.hr\/de\/wp-json\/wp\/v2\/pages"}],"about":[{"href":"https:\/\/www.odvjetnik-strniscak.hr\/de\/wp-json\/wp\/v2\/types\/page"}],"author":[{"embeddable":true,"href":"https:\/\/www.odvjetnik-strniscak.hr\/de\/wp-json\/wp\/v2\/users\/1"}],"replies":[{"embeddable":true,"href":"https:\/\/www.odvjetnik-strniscak.hr\/de\/wp-json\/wp\/v2\/comments?post=40"}],"version-history":[{"count":47,"href":"https:\/\/www.odvjetnik-strniscak.hr\/de\/wp-json\/wp\/v2\/pages\/40\/revisions"}],"predecessor-version":[{"id":5545,"href":"https:\/\/www.odvjetnik-strniscak.hr\/de\/wp-json\/wp\/v2\/pages\/40\/revisions\/5545"}],"wp:featuredmedia":[{"embeddable":true,"href":"https:\/\/www.odvjetnik-strniscak.hr\/de\/wp-json\/wp\/v2\/media\/3329"}],"wp:attachment":[{"href":"https:\/\/www.odvjetnik-strniscak.hr\/de\/wp-json\/wp\/v2\/media?parent=40"}],"curies":[{"name":"wp","href":"https:\/\/api.w.org\/{rel}","templated":true}]}}