{"id":42,"date":"2019-09-19T22:01:23","date_gmt":"2019-09-19T20:01:23","guid":{"rendered":"http:\/\/www.odvjetnik-strniscak.hr\/de\/?page_id=42"},"modified":"2025-12-15T08:26:38","modified_gmt":"2025-12-15T07:26:38","slug":"cookies","status":"publish","type":"page","link":"https:\/\/www.odvjetnik-strniscak.hr\/de\/cookies\/","title":{"rendered":"Cookies"},"content":{"rendered":"\n<h2>Cookies<\/h2>\n\n\n\n<p>Rechtsanwalt Tomislav Strni\u0161\u010dak beinhaltet das Recht, Cookies auf seinen Webseiten zu verwenden, um eine bessere Nutzererfahrung zu erm\u00f6glichen. Die Webseite <a href=\"http:\/\/www.odvjetnik-strniscak\">www.odvjetnik-strniscak<\/a>.hr\/de speichert auf Ihrem Computer eine gewisse Datenmenge, sogenannte Cookies, damit sie Ihnen den Besuch auf dieser Webseite m\u00f6glichst angenehm, funktional und praktisch machen.<\/p>\n\n\n\n<p>Cookies dienen zum optimalen Betrieb der Webseite, aber auch zur Verbesserung der Suche auf der Seite und Ihrer Nutzerfahrungen. Mit dem Besuch und der Nutzung dieser Webseite stimmen Sie der Verwendung von Cookies zu, die Sie auch blockieren k\u00f6nnen. Danach k\u00f6nnen Sie weiter&nbsp; die Webseite durchsuchen, aber mit&nbsp; begrenzten M\u00f6glichkeiten.<\/p>\n\n\n\n<h2><strong>Was sind Cookies?<\/strong><\/h2>\n\n\n\n<p>Die Webseite <a href=\"http:\/\/www.odvjetnik-strniscak.hr\/de\">www.odvjetnik-strniscak.hr\/de<\/a> verwendet Cookies, um den Nutzern und potenziellen Besuchern ein personenbezogenes Erlebnis anzubieten und um die Daten \u00fcber die Nutzung der Webseite zu sammeln. Cookies k\u00f6nnen Ihr Nutzererlebnis auf der Anwaltskanzlei-Webseite verbessern, weil sie das Speichern von Ihren W\u00fcnschen und Gewohnheiten bei jedem Besuch der Webseite erm\u00f6glichen. Cookies sind ein Teil der gespeicherten Informationen auf Ihrem Computer, Mobiltelefon oder Tablet, die von der besuchten Webseite (Erstanbieter-Cookies) oder in Zusammenarbeit mit und&nbsp; f\u00fcr Bed\u00fcrfnisse einer Webseite von Drittanbietern (Drittanbieter-Cookies) geliefert werden.<\/p>\n\n\n\n<p>In der Regel speichern Cookies Ihre Einstellungen, Einstellungen der Webseite und \u00c4hnliches. Wenn Sie die Webseite von Anwalt Tomislav Strni\u0161\u010dak erneut besuchen, sendet der Internetbrowser die Cookies, die zu dieser Seite geh\u00f6ren, zur\u00fcck.<\/p>\n\n\n\n<p>Dies erm\u00f6glicht der Webseite, die Informationen zu zeigen, die ihren Bed\u00fcrfnissen angepasst sind. Cookies k\u00f6nnen eine Vielzahl von Informationen beinhalten, einschlie\u00dflich einen Teil von pers\u00f6nlichen Informationen. Solche Informationen k\u00f6nnen nur dann gespeichert werden, wenn Sie es erm\u00f6glichen. Die Webseite allein hat keinen Zugang zu Informationen, die Sie selbst nicht bereitstellenund kann nicht auf andere Dateien auf Ihrem Computer zugreifen.<\/p>\n\n\n\n<p><\/p>\n\n\n\n<h2><strong>Verwendung von Cookies auf der Webseite des Anwaltes<\/strong><\/h2>\n\n\n\n<p>Die Anwaltskanzlei-Webseite von Tomislav Strni\u0161\u010dak verwendet Cookies f\u00fcr Statistik \u00fcber Besuche der Webseite, ausschlie\u00dflich um die notwendigen Informationen \u00fcber Atraktivit\u00e4t und Erfolg der Seite zu sammeln und nimmt dabei Dienste von Google Analytics als Drittanbieter in Anspruch.<\/p>\n\n\n\n<p>Detaillierte Informationen von Google \u00fcber diesen Dienst und \u00fcber die Nutzerm\u00f6glichkeiten, die erforderlichen Cookies-Einstellungen zu regulieren, finden sie auf Google. <\/p>\n\n\n\n<p>Wenn Sie der Webseite das Speichern von Cookies nicht erlauben m\u00f6chten, k\u00f6nnen Sie Cookies blockieren. Es kann jedoch unerw\u00fcnschte Wirkungen auf das weitere Nutzererlebnis haben. Wenn Sie also Cookies blockieren m\u00f6chten, sollten Sie auf Ihrem Computer Einstellugen ihres Browsers \u00e4ndern.<\/p>\n\n\n\n<p>Im Browsermen\u00fc klicken Sie auf Hilfe und Cookiesinformationen und folgen den Anleitungen. Es gibt zwei Arten von Cookies \u2013 tempor\u00e4re und permanente. Tempor\u00e4re Cookies bleiben solange auf Ihrem Ger\u00e4t, bis Sie die Seite wieder verlassen. Mit tempor\u00e4ren Cookies speichern Webseiten tempor\u00e4re Daten. Permanente Cookies hingegen werden auf Ihrem Computer gespeichert und bleiben auch nachdem Sie den Browser verlassen.<\/p>\n","protected":false},"excerpt":{"rendered":"<p>Cookies Rechtsanwalt Tomislav Strni\u0161\u010dak beinhaltet das Recht, Cookies auf seinen Webseiten zu verwenden, um eine bessere Nutzererfahrung zu erm\u00f6glichen. Die Webseite www.odvjetnik-strniscak.hr\/de speichert auf Ihrem Computer eine gewisse Datenmenge, sogenannte Cookies, damit sie Ihnen den Besuch auf dieser Webseite m\u00f6glichst angenehm, funktional und praktisch machen. Cookies dienen zum optimalen Betrieb der Webseite, aber auch zur [&hellip;]<\/p>\n","protected":false},"author":1,"featured_media":3360,"parent":0,"menu_order":0,"comment_status":"closed","ping_status":"closed","template":"","meta":{"_mi_skip_tracking":false},"yoast_head":"<!-- This site is optimized with the Yoast SEO plugin v17.9 - https:\/\/yoast.com\/wordpress\/plugins\/seo\/ -->\n<title>Cookies - Odvjetni\u010dki ured Tomislav Strni\u0161\u010dak | Odvjetnik \u010cakovec<\/title>\n<meta name=\"description\" content=\"Na web stranicama odvjetnika Tomislav Strni\u0161\u010dak se koriste kola\u010di\u0107i iz razloga kako bi se posjetiteljima omogu\u0107ilo bolje korisni\u010dko iskustvo...\" \/>\n<meta name=\"robots\" content=\"index, follow, max-snippet:-1, max-image-preview:large, max-video-preview:-1\" \/>\n<link rel=\"canonical\" href=\"https:\/\/www.odvjetnik-strniscak.hr\/de\/cookies\/\" \/>\n<meta property=\"og:locale\" content=\"hr_HR\" \/>\n<meta property=\"og:type\" content=\"article\" \/>\n<meta property=\"og:title\" content=\"Cookies - Odvjetni\u010dki ured Tomislav Strni\u0161\u010dak | Odvjetnik \u010cakovec\" \/>\n<meta property=\"og:description\" content=\"Na web stranicama odvjetnika Tomislav Strni\u0161\u010dak se koriste kola\u010di\u0107i iz razloga kako bi se posjetiteljima omogu\u0107ilo bolje korisni\u010dko iskustvo...\" \/>\n<meta property=\"og:url\" content=\"https:\/\/www.odvjetnik-strniscak.hr\/de\/cookies\/\" \/>\n<meta property=\"og:site_name\" content=\"Rechtsanwalt Tomislav Strni\u0161\u010dak\" \/>\n<meta property=\"article:modified_time\" content=\"2025-12-15T07:26:38+00:00\" \/>\n<meta property=\"og:image\" content=\"https:\/\/www.odvjetnik-strniscak.hr\/de\/wp-content\/uploads\/sites\/4\/2020\/04\/Kola\u010di\u0107i.jpg\" \/>\n\t<meta property=\"og:image:width\" content=\"1250\" \/>\n\t<meta property=\"og:image:height\" content=\"632\" \/>\n\t<meta property=\"og:image:type\" content=\"image\/jpeg\" \/>\n<meta name=\"twitter:card\" content=\"summary_large_image\" \/>\n<meta name=\"twitter:label1\" content=\"Procijenjeno vrijeme \u010ditanja\" \/>\n\t<meta name=\"twitter:data1\" content=\"3 minute\" \/>\n<script type=\"application\/ld+json\" class=\"yoast-schema-graph\">{\"@context\":\"https:\/\/schema.org\",\"@graph\":[{\"@type\":\"WebSite\",\"@id\":\"https:\/\/www.odvjetnik-strniscak.hr\/de\/#website\",\"url\":\"https:\/\/www.odvjetnik-strniscak.hr\/de\/\",\"name\":\"Rechtsanwalt Tomislav Strni\\u0161\\u010dak\",\"description\":\"Odvjetnik \\u010cakovec\",\"potentialAction\":[{\"@type\":\"SearchAction\",\"target\":{\"@type\":\"EntryPoint\",\"urlTemplate\":\"https:\/\/www.odvjetnik-strniscak.hr\/de\/?s={search_term_string}\"},\"query-input\":\"required name=search_term_string\"}],\"inLanguage\":\"hr\"},{\"@type\":\"ImageObject\",\"@id\":\"https:\/\/www.odvjetnik-strniscak.hr\/de\/cookies\/#primaryimage\",\"inLanguage\":\"hr\",\"url\":\"https:\/\/www.odvjetnik-strniscak.hr\/de\/wp-content\/uploads\/sites\/4\/2020\/04\/Kola\\u010di\\u0107i.jpg\",\"contentUrl\":\"https:\/\/www.odvjetnik-strniscak.hr\/de\/wp-content\/uploads\/sites\/4\/2020\/04\/Kola\\u010di\\u0107i.jpg\",\"width\":1250,\"height\":632,\"caption\":\"Kola\\u010di\\u0107i\"},{\"@type\":\"WebPage\",\"@id\":\"https:\/\/www.odvjetnik-strniscak.hr\/de\/cookies\/#webpage\",\"url\":\"https:\/\/www.odvjetnik-strniscak.hr\/de\/cookies\/\",\"name\":\"Cookies - Odvjetni\\u010dki ured Tomislav Strni\\u0161\\u010dak | Odvjetnik \\u010cakovec\",\"isPartOf\":{\"@id\":\"https:\/\/www.odvjetnik-strniscak.hr\/de\/#website\"},\"primaryImageOfPage\":{\"@id\":\"https:\/\/www.odvjetnik-strniscak.hr\/de\/cookies\/#primaryimage\"},\"datePublished\":\"2019-09-19T20:01:23+00:00\",\"dateModified\":\"2025-12-15T07:26:38+00:00\",\"description\":\"Na web stranicama odvjetnika Tomislav Strni\\u0161\\u010dak se koriste kola\\u010di\\u0107i iz razloga kako bi se posjetiteljima omogu\\u0107ilo bolje korisni\\u010dko iskustvo...\",\"breadcrumb\":{\"@id\":\"https:\/\/www.odvjetnik-strniscak.hr\/de\/cookies\/#breadcrumb\"},\"inLanguage\":\"hr\",\"potentialAction\":[{\"@type\":\"ReadAction\",\"target\":[\"https:\/\/www.odvjetnik-strniscak.hr\/de\/cookies\/\"]}]},{\"@type\":\"BreadcrumbList\",\"@id\":\"https:\/\/www.odvjetnik-strniscak.hr\/de\/cookies\/#breadcrumb\",\"itemListElement\":[{\"@type\":\"ListItem\",\"position\":1,\"name\":\"Po\\u010detna stranica\",\"item\":\"https:\/\/www.odvjetnik-strniscak.hr\/de\/\"},{\"@type\":\"ListItem\",\"position\":2,\"name\":\"Cookies\"}]}]}<\/script>\n<!-- \/ Yoast SEO plugin. -->","yoast_head_json":{"title":"Cookies - Odvjetni\u010dki ured Tomislav Strni\u0161\u010dak | Odvjetnik \u010cakovec","description":"Na web stranicama odvjetnika Tomislav Strni\u0161\u010dak se koriste kola\u010di\u0107i iz razloga kako bi se posjetiteljima omogu\u0107ilo bolje korisni\u010dko iskustvo...","robots":{"index":"index","follow":"follow","max-snippet":"max-snippet:-1","max-image-preview":"max-image-preview:large","max-video-preview":"max-video-preview:-1"},"canonical":"https:\/\/www.odvjetnik-strniscak.hr\/de\/cookies\/","og_locale":"hr_HR","og_type":"article","og_title":"Cookies - Odvjetni\u010dki ured Tomislav Strni\u0161\u010dak | Odvjetnik \u010cakovec","og_description":"Na web stranicama odvjetnika Tomislav Strni\u0161\u010dak se koriste kola\u010di\u0107i iz razloga kako bi se posjetiteljima omogu\u0107ilo bolje korisni\u010dko iskustvo...","og_url":"https:\/\/www.odvjetnik-strniscak.hr\/de\/cookies\/","og_site_name":"Rechtsanwalt Tomislav Strni\u0161\u010dak","article_modified_time":"2025-12-15T07:26:38+00:00","og_image":[{"width":1250,"height":632,"url":"https:\/\/www.odvjetnik-strniscak.hr\/de\/wp-content\/uploads\/sites\/4\/2020\/04\/Kola\u010di\u0107i.jpg","type":"image\/jpeg"}],"twitter_card":"summary_large_image","twitter_misc":{"Procijenjeno vrijeme \u010ditanja":"3 minute"},"schema":{"@context":"https:\/\/schema.org","@graph":[{"@type":"WebSite","@id":"https:\/\/www.odvjetnik-strniscak.hr\/de\/#website","url":"https:\/\/www.odvjetnik-strniscak.hr\/de\/","name":"Rechtsanwalt Tomislav Strni\u0161\u010dak","description":"Odvjetnik \u010cakovec","potentialAction":[{"@type":"SearchAction","target":{"@type":"EntryPoint","urlTemplate":"https:\/\/www.odvjetnik-strniscak.hr\/de\/?s={search_term_string}"},"query-input":"required name=search_term_string"}],"inLanguage":"hr"},{"@type":"ImageObject","@id":"https:\/\/www.odvjetnik-strniscak.hr\/de\/cookies\/#primaryimage","inLanguage":"hr","url":"https:\/\/www.odvjetnik-strniscak.hr\/de\/wp-content\/uploads\/sites\/4\/2020\/04\/Kola\u010di\u0107i.jpg","contentUrl":"https:\/\/www.odvjetnik-strniscak.hr\/de\/wp-content\/uploads\/sites\/4\/2020\/04\/Kola\u010di\u0107i.jpg","width":1250,"height":632,"caption":"Kola\u010di\u0107i"},{"@type":"WebPage","@id":"https:\/\/www.odvjetnik-strniscak.hr\/de\/cookies\/#webpage","url":"https:\/\/www.odvjetnik-strniscak.hr\/de\/cookies\/","name":"Cookies - Odvjetni\u010dki ured Tomislav Strni\u0161\u010dak | Odvjetnik \u010cakovec","isPartOf":{"@id":"https:\/\/www.odvjetnik-strniscak.hr\/de\/#website"},"primaryImageOfPage":{"@id":"https:\/\/www.odvjetnik-strniscak.hr\/de\/cookies\/#primaryimage"},"datePublished":"2019-09-19T20:01:23+00:00","dateModified":"2025-12-15T07:26:38+00:00","description":"Na web stranicama odvjetnika Tomislav Strni\u0161\u010dak se koriste kola\u010di\u0107i iz razloga kako bi se posjetiteljima omogu\u0107ilo bolje korisni\u010dko iskustvo...","breadcrumb":{"@id":"https:\/\/www.odvjetnik-strniscak.hr\/de\/cookies\/#breadcrumb"},"inLanguage":"hr","potentialAction":[{"@type":"ReadAction","target":["https:\/\/www.odvjetnik-strniscak.hr\/de\/cookies\/"]}]},{"@type":"BreadcrumbList","@id":"https:\/\/www.odvjetnik-strniscak.hr\/de\/cookies\/#breadcrumb","itemListElement":[{"@type":"ListItem","position":1,"name":"Po\u010detna stranica","item":"https:\/\/www.odvjetnik-strniscak.hr\/de\/"},{"@type":"ListItem","position":2,"name":"Cookies"}]}]}},"_links":{"self":[{"href":"https:\/\/www.odvjetnik-strniscak.hr\/de\/wp-json\/wp\/v2\/pages\/42"}],"collection":[{"href":"https:\/\/www.odvjetnik-strniscak.hr\/de\/wp-json\/wp\/v2\/pages"}],"about":[{"href":"https:\/\/www.odvjetnik-strniscak.hr\/de\/wp-json\/wp\/v2\/types\/page"}],"author":[{"embeddable":true,"href":"https:\/\/www.odvjetnik-strniscak.hr\/de\/wp-json\/wp\/v2\/users\/1"}],"replies":[{"embeddable":true,"href":"https:\/\/www.odvjetnik-strniscak.hr\/de\/wp-json\/wp\/v2\/comments?post=42"}],"version-history":[{"count":14,"href":"https:\/\/www.odvjetnik-strniscak.hr\/de\/wp-json\/wp\/v2\/pages\/42\/revisions"}],"predecessor-version":[{"id":5595,"href":"https:\/\/www.odvjetnik-strniscak.hr\/de\/wp-json\/wp\/v2\/pages\/42\/revisions\/5595"}],"wp:featuredmedia":[{"embeddable":true,"href":"https:\/\/www.odvjetnik-strniscak.hr\/de\/wp-json\/wp\/v2\/media\/3360"}],"wp:attachment":[{"href":"https:\/\/www.odvjetnik-strniscak.hr\/de\/wp-json\/wp\/v2\/media?parent=42"}],"curies":[{"name":"wp","href":"https:\/\/api.w.org\/{rel}","templated":true}]}}