{"id":17,"date":"2019-09-19T21:34:51","date_gmt":"2019-09-19T19:34:51","guid":{"rendered":"http:\/\/www.odvjetnik-strniscak.hr\/si\/?page_id=17"},"modified":"2026-01-12T13:19:59","modified_gmt":"2026-01-12T12:19:59","slug":"storitve","status":"publish","type":"page","link":"https:\/\/www.odvjetnik-strniscak.hr\/si\/storitve\/","title":{"rendered":"Storitve"},"content":{"rendered":"","protected":false},"excerpt":{"rendered":"","protected":false},"author":1,"featured_media":0,"parent":0,"menu_order":0,"comment_status":"closed","ping_status":"closed","template":"template-works.php","meta":{"_mi_skip_tracking":false},"yoast_head":"<!-- This site is optimized with the Yoast SEO plugin v17.9 - https:\/\/yoast.com\/wordpress\/plugins\/seo\/ -->\n<title>Storitve - Odvetni\u0161ka pisarna Tomislav Strni\u0161\u010dak<\/title>\n<meta name=\"description\" content=\"Odvjetnik \u010cakovec. Odvjetni\u010dki ured Tomislav Strni\u0161\u010dak. Odvjetni\u010dke usluge pru\u017eamo u granama prava u kojima su potrebna specijalisti\u010dka pravna znanja.\" \/>\n<meta name=\"robots\" content=\"index, follow, max-snippet:-1, max-image-preview:large, max-video-preview:-1\" \/>\n<link rel=\"canonical\" href=\"https:\/\/www.odvjetnik-strniscak.hr\/si\/storitve\/\" \/>\n<meta property=\"og:locale\" content=\"hr_HR\" \/>\n<meta property=\"og:type\" content=\"article\" \/>\n<meta property=\"og:title\" content=\"Storitve - Odvetni\u0161ka pisarna Tomislav Strni\u0161\u010dak\" \/>\n<meta property=\"og:description\" content=\"Odvjetnik \u010cakovec. Odvjetni\u010dki ured Tomislav Strni\u0161\u010dak. Odvjetni\u010dke usluge pru\u017eamo u granama prava u kojima su potrebna specijalisti\u010dka pravna znanja.\" \/>\n<meta property=\"og:url\" content=\"https:\/\/www.odvjetnik-strniscak.hr\/si\/storitve\/\" \/>\n<meta property=\"og:site_name\" content=\"Odvetni\u0161ka pisarna Tomislav Strni\u0161\u010dak\" \/>\n<meta property=\"article:modified_time\" content=\"2026-01-12T12:19:59+00:00\" \/>\n<meta name=\"twitter:card\" content=\"summary_large_image\" \/>\n<script type=\"application\/ld+json\" class=\"yoast-schema-graph\">{\"@context\":\"https:\/\/schema.org\",\"@graph\":[{\"@type\":\"WebSite\",\"@id\":\"https:\/\/www.odvjetnik-strniscak.hr\/si\/#website\",\"url\":\"https:\/\/www.odvjetnik-strniscak.hr\/si\/\",\"name\":\"Odvetni\\u0161ka pisarna Tomislav Strni\\u0161\\u010dak\",\"description\":\"\",\"potentialAction\":[{\"@type\":\"SearchAction\",\"target\":{\"@type\":\"EntryPoint\",\"urlTemplate\":\"https:\/\/www.odvjetnik-strniscak.hr\/si\/?s={search_term_string}\"},\"query-input\":\"required name=search_term_string\"}],\"inLanguage\":\"hr\"},{\"@type\":\"WebPage\",\"@id\":\"https:\/\/www.odvjetnik-strniscak.hr\/si\/storitve\/#webpage\",\"url\":\"https:\/\/www.odvjetnik-strniscak.hr\/si\/storitve\/\",\"name\":\"Storitve - Odvetni\\u0161ka pisarna Tomislav Strni\\u0161\\u010dak\",\"isPartOf\":{\"@id\":\"https:\/\/www.odvjetnik-strniscak.hr\/si\/#website\"},\"datePublished\":\"2019-09-19T19:34:51+00:00\",\"dateModified\":\"2026-01-12T12:19:59+00:00\",\"description\":\"Odvjetnik \\u010cakovec. Odvjetni\\u010dki ured Tomislav Strni\\u0161\\u010dak. Odvjetni\\u010dke usluge pru\\u017eamo u granama prava u kojima su potrebna specijalisti\\u010dka pravna znanja.\",\"breadcrumb\":{\"@id\":\"https:\/\/www.odvjetnik-strniscak.hr\/si\/storitve\/#breadcrumb\"},\"inLanguage\":\"hr\",\"potentialAction\":[{\"@type\":\"ReadAction\",\"target\":[\"https:\/\/www.odvjetnik-strniscak.hr\/si\/storitve\/\"]}]},{\"@type\":\"BreadcrumbList\",\"@id\":\"https:\/\/www.odvjetnik-strniscak.hr\/si\/storitve\/#breadcrumb\",\"itemListElement\":[{\"@type\":\"ListItem\",\"position\":1,\"name\":\"Po\\u010detna stranica\",\"item\":\"https:\/\/www.odvjetnik-strniscak.hr\/si\/\"},{\"@type\":\"ListItem\",\"position\":2,\"name\":\"Storitve\"}]}]}<\/script>\n<!-- \/ Yoast SEO plugin. -->","yoast_head_json":{"title":"Storitve - Odvetni\u0161ka pisarna Tomislav Strni\u0161\u010dak","description":"Odvjetnik \u010cakovec. Odvjetni\u010dki ured Tomislav Strni\u0161\u010dak. Odvjetni\u010dke usluge pru\u017eamo u granama prava u kojima su potrebna specijalisti\u010dka pravna znanja.","robots":{"index":"index","follow":"follow","max-snippet":"max-snippet:-1","max-image-preview":"max-image-preview:large","max-video-preview":"max-video-preview:-1"},"canonical":"https:\/\/www.odvjetnik-strniscak.hr\/si\/storitve\/","og_locale":"hr_HR","og_type":"article","og_title":"Storitve - Odvetni\u0161ka pisarna Tomislav Strni\u0161\u010dak","og_description":"Odvjetnik \u010cakovec. Odvjetni\u010dki ured Tomislav Strni\u0161\u010dak. Odvjetni\u010dke usluge pru\u017eamo u granama prava u kojima su potrebna specijalisti\u010dka pravna znanja.","og_url":"https:\/\/www.odvjetnik-strniscak.hr\/si\/storitve\/","og_site_name":"Odvetni\u0161ka pisarna Tomislav Strni\u0161\u010dak","article_modified_time":"2026-01-12T12:19:59+00:00","twitter_card":"summary_large_image","schema":{"@context":"https:\/\/schema.org","@graph":[{"@type":"WebSite","@id":"https:\/\/www.odvjetnik-strniscak.hr\/si\/#website","url":"https:\/\/www.odvjetnik-strniscak.hr\/si\/","name":"Odvetni\u0161ka pisarna Tomislav Strni\u0161\u010dak","description":"","potentialAction":[{"@type":"SearchAction","target":{"@type":"EntryPoint","urlTemplate":"https:\/\/www.odvjetnik-strniscak.hr\/si\/?s={search_term_string}"},"query-input":"required name=search_term_string"}],"inLanguage":"hr"},{"@type":"WebPage","@id":"https:\/\/www.odvjetnik-strniscak.hr\/si\/storitve\/#webpage","url":"https:\/\/www.odvjetnik-strniscak.hr\/si\/storitve\/","name":"Storitve - Odvetni\u0161ka pisarna Tomislav Strni\u0161\u010dak","isPartOf":{"@id":"https:\/\/www.odvjetnik-strniscak.hr\/si\/#website"},"datePublished":"2019-09-19T19:34:51+00:00","dateModified":"2026-01-12T12:19:59+00:00","description":"Odvjetnik \u010cakovec. Odvjetni\u010dki ured Tomislav Strni\u0161\u010dak. Odvjetni\u010dke usluge pru\u017eamo u granama prava u kojima su potrebna specijalisti\u010dka pravna znanja.","breadcrumb":{"@id":"https:\/\/www.odvjetnik-strniscak.hr\/si\/storitve\/#breadcrumb"},"inLanguage":"hr","potentialAction":[{"@type":"ReadAction","target":["https:\/\/www.odvjetnik-strniscak.hr\/si\/storitve\/"]}]},{"@type":"BreadcrumbList","@id":"https:\/\/www.odvjetnik-strniscak.hr\/si\/storitve\/#breadcrumb","itemListElement":[{"@type":"ListItem","position":1,"name":"Po\u010detna stranica","item":"https:\/\/www.odvjetnik-strniscak.hr\/si\/"},{"@type":"ListItem","position":2,"name":"Storitve"}]}]}},"_links":{"self":[{"href":"https:\/\/www.odvjetnik-strniscak.hr\/si\/wp-json\/wp\/v2\/pages\/17"}],"collection":[{"href":"https:\/\/www.odvjetnik-strniscak.hr\/si\/wp-json\/wp\/v2\/pages"}],"about":[{"href":"https:\/\/www.odvjetnik-strniscak.hr\/si\/wp-json\/wp\/v2\/types\/page"}],"author":[{"embeddable":true,"href":"https:\/\/www.odvjetnik-strniscak.hr\/si\/wp-json\/wp\/v2\/users\/1"}],"replies":[{"embeddable":true,"href":"https:\/\/www.odvjetnik-strniscak.hr\/si\/wp-json\/wp\/v2\/comments?post=17"}],"version-history":[{"count":14,"href":"https:\/\/www.odvjetnik-strniscak.hr\/si\/wp-json\/wp\/v2\/pages\/17\/revisions"}],"predecessor-version":[{"id":5610,"href":"https:\/\/www.odvjetnik-strniscak.hr\/si\/wp-json\/wp\/v2\/pages\/17\/revisions\/5610"}],"wp:attachment":[{"href":"https:\/\/www.odvjetnik-strniscak.hr\/si\/wp-json\/wp\/v2\/media?parent=17"}],"curies":[{"name":"wp","href":"https:\/\/api.w.org\/{rel}","templated":true}]}}