{"id":23,"date":"2019-09-19T21:35:49","date_gmt":"2019-09-19T19:35:49","guid":{"rendered":"http:\/\/www.odvjetnik-strniscak.hr\/si\/?page_id=23"},"modified":"2025-12-13T18:42:50","modified_gmt":"2025-12-13T17:42:50","slug":"kontakt","status":"publish","type":"page","link":"https:\/\/www.odvjetnik-strniscak.hr\/si\/kontakt\/","title":{"rendered":"Kontakt"},"content":{"rendered":"\n<p><strong>Odvetni\u0161ka pisarna Tomislav Strni\u0161\u010dak<\/strong><\/p>\n\n\n\n<p> <a rel=\"noreferrer noopener\" href=\"https:\/\/www.odvjetnik-strniscak.hr\/si\/kontakt\/\" target=\"_blank\">Kontaktirajte nas<\/a> <br><\/p>\n","protected":false},"excerpt":{"rendered":"<p>Odvetni\u0161ka pisarna Tomislav Strni\u0161\u010dak Kontaktirajte nas<\/p>\n","protected":false},"author":1,"featured_media":74,"parent":0,"menu_order":0,"comment_status":"closed","ping_status":"closed","template":"template-contact.php","meta":{"_mi_skip_tracking":false},"yoast_head":"<!-- This site is optimized with the Yoast SEO plugin v17.9 - https:\/\/yoast.com\/wordpress\/plugins\/seo\/ -->\n<title>Odvetni\u0161ka pisarna Tomislav Strni\u0161\u010dak - Kontaktirajte nas<\/title>\n<meta name=\"description\" content=\"Odvetnik Tomislav Strni\u0161\u010dak - Imate vpra\u0161anja o nakupu nepremi\u010dnine na Hrva\u0161kem? Ali potrebujete nekoga, ki vam bo pomagal pri nakupu?...\" \/>\n<meta name=\"robots\" content=\"index, follow, max-snippet:-1, max-image-preview:large, max-video-preview:-1\" \/>\n<link rel=\"canonical\" href=\"https:\/\/www.odvjetnik-strniscak.hr\/si\/kontakt\/\" \/>\n<meta property=\"og:locale\" content=\"hr_HR\" \/>\n<meta property=\"og:type\" content=\"article\" \/>\n<meta property=\"og:title\" content=\"Odvetni\u0161ka pisarna Tomislav Strni\u0161\u010dak - Kontaktirajte nas\" \/>\n<meta property=\"og:description\" content=\"Odvetnik Tomislav Strni\u0161\u010dak - Imate vpra\u0161anja o nakupu nepremi\u010dnine na Hrva\u0161kem? Ali potrebujete nekoga, ki vam bo pomagal pri nakupu?...\" \/>\n<meta property=\"og:url\" content=\"https:\/\/www.odvjetnik-strniscak.hr\/si\/kontakt\/\" \/>\n<meta property=\"og:site_name\" content=\"Odvetni\u0161ka pisarna Tomislav Strni\u0161\u010dak\" \/>\n<meta property=\"article:modified_time\" content=\"2025-12-13T17:42:50+00:00\" \/>\n<meta property=\"og:image\" content=\"https:\/\/www.odvjetnik-strniscak.hr\/si\/wp-content\/uploads\/sites\/3\/2019\/09\/contact-us.jpeg\" \/>\n\t<meta property=\"og:image:width\" content=\"1540\" \/>\n\t<meta property=\"og:image:height\" content=\"1044\" \/>\n\t<meta property=\"og:image:type\" content=\"image\/jpeg\" \/>\n<meta name=\"twitter:card\" content=\"summary_large_image\" \/>\n<meta name=\"twitter:label1\" content=\"Procijenjeno vrijeme \u010ditanja\" \/>\n\t<meta name=\"twitter:data1\" content=\"1 minuta\" \/>\n<script type=\"application\/ld+json\" class=\"yoast-schema-graph\">{\"@context\":\"https:\/\/schema.org\",\"@graph\":[{\"@type\":\"WebSite\",\"@id\":\"https:\/\/www.odvjetnik-strniscak.hr\/si\/#website\",\"url\":\"https:\/\/www.odvjetnik-strniscak.hr\/si\/\",\"name\":\"Odvetni\\u0161ka pisarna Tomislav Strni\\u0161\\u010dak\",\"description\":\"\",\"potentialAction\":[{\"@type\":\"SearchAction\",\"target\":{\"@type\":\"EntryPoint\",\"urlTemplate\":\"https:\/\/www.odvjetnik-strniscak.hr\/si\/?s={search_term_string}\"},\"query-input\":\"required name=search_term_string\"}],\"inLanguage\":\"hr\"},{\"@type\":\"ImageObject\",\"@id\":\"https:\/\/www.odvjetnik-strniscak.hr\/si\/kontakt\/#primaryimage\",\"inLanguage\":\"hr\",\"url\":\"https:\/\/www.odvjetnik-strniscak.hr\/si\/wp-content\/uploads\/sites\/3\/2019\/09\/contact-us.jpeg\",\"contentUrl\":\"https:\/\/www.odvjetnik-strniscak.hr\/si\/wp-content\/uploads\/sites\/3\/2019\/09\/contact-us.jpeg\",\"width\":1540,\"height\":1044,\"caption\":\"Odvjetnik - kontaktirajte nas\"},{\"@type\":\"WebPage\",\"@id\":\"https:\/\/www.odvjetnik-strniscak.hr\/si\/kontakt\/#webpage\",\"url\":\"https:\/\/www.odvjetnik-strniscak.hr\/si\/kontakt\/\",\"name\":\"Odvetni\\u0161ka pisarna Tomislav Strni\\u0161\\u010dak - Kontaktirajte nas\",\"isPartOf\":{\"@id\":\"https:\/\/www.odvjetnik-strniscak.hr\/si\/#website\"},\"primaryImageOfPage\":{\"@id\":\"https:\/\/www.odvjetnik-strniscak.hr\/si\/kontakt\/#primaryimage\"},\"datePublished\":\"2019-09-19T19:35:49+00:00\",\"dateModified\":\"2025-12-13T17:42:50+00:00\",\"description\":\"Odvetnik Tomislav Strni\\u0161\\u010dak - Imate vpra\\u0161anja o nakupu nepremi\\u010dnine na Hrva\\u0161kem? Ali potrebujete nekoga, ki vam bo pomagal pri nakupu?...\",\"breadcrumb\":{\"@id\":\"https:\/\/www.odvjetnik-strniscak.hr\/si\/kontakt\/#breadcrumb\"},\"inLanguage\":\"hr\",\"potentialAction\":[{\"@type\":\"ReadAction\",\"target\":[\"https:\/\/www.odvjetnik-strniscak.hr\/si\/kontakt\/\"]}]},{\"@type\":\"BreadcrumbList\",\"@id\":\"https:\/\/www.odvjetnik-strniscak.hr\/si\/kontakt\/#breadcrumb\",\"itemListElement\":[{\"@type\":\"ListItem\",\"position\":1,\"name\":\"Po\\u010detna stranica\",\"item\":\"https:\/\/www.odvjetnik-strniscak.hr\/si\/\"},{\"@type\":\"ListItem\",\"position\":2,\"name\":\"Kontakt\"}]}]}<\/script>\n<!-- \/ Yoast SEO plugin. -->","yoast_head_json":{"title":"Odvetni\u0161ka pisarna Tomislav Strni\u0161\u010dak - Kontaktirajte nas","description":"Odvetnik Tomislav Strni\u0161\u010dak - Imate vpra\u0161anja o nakupu nepremi\u010dnine na Hrva\u0161kem? Ali potrebujete nekoga, ki vam bo pomagal pri nakupu?...","robots":{"index":"index","follow":"follow","max-snippet":"max-snippet:-1","max-image-preview":"max-image-preview:large","max-video-preview":"max-video-preview:-1"},"canonical":"https:\/\/www.odvjetnik-strniscak.hr\/si\/kontakt\/","og_locale":"hr_HR","og_type":"article","og_title":"Odvetni\u0161ka pisarna Tomislav Strni\u0161\u010dak - Kontaktirajte nas","og_description":"Odvetnik Tomislav Strni\u0161\u010dak - Imate vpra\u0161anja o nakupu nepremi\u010dnine na Hrva\u0161kem? Ali potrebujete nekoga, ki vam bo pomagal pri nakupu?...","og_url":"https:\/\/www.odvjetnik-strniscak.hr\/si\/kontakt\/","og_site_name":"Odvetni\u0161ka pisarna Tomislav Strni\u0161\u010dak","article_modified_time":"2025-12-13T17:42:50+00:00","og_image":[{"width":1540,"height":1044,"url":"https:\/\/www.odvjetnik-strniscak.hr\/si\/wp-content\/uploads\/sites\/3\/2019\/09\/contact-us.jpeg","type":"image\/jpeg"}],"twitter_card":"summary_large_image","twitter_misc":{"Procijenjeno vrijeme \u010ditanja":"1 minuta"},"schema":{"@context":"https:\/\/schema.org","@graph":[{"@type":"WebSite","@id":"https:\/\/www.odvjetnik-strniscak.hr\/si\/#website","url":"https:\/\/www.odvjetnik-strniscak.hr\/si\/","name":"Odvetni\u0161ka pisarna Tomislav Strni\u0161\u010dak","description":"","potentialAction":[{"@type":"SearchAction","target":{"@type":"EntryPoint","urlTemplate":"https:\/\/www.odvjetnik-strniscak.hr\/si\/?s={search_term_string}"},"query-input":"required name=search_term_string"}],"inLanguage":"hr"},{"@type":"ImageObject","@id":"https:\/\/www.odvjetnik-strniscak.hr\/si\/kontakt\/#primaryimage","inLanguage":"hr","url":"https:\/\/www.odvjetnik-strniscak.hr\/si\/wp-content\/uploads\/sites\/3\/2019\/09\/contact-us.jpeg","contentUrl":"https:\/\/www.odvjetnik-strniscak.hr\/si\/wp-content\/uploads\/sites\/3\/2019\/09\/contact-us.jpeg","width":1540,"height":1044,"caption":"Odvjetnik - kontaktirajte nas"},{"@type":"WebPage","@id":"https:\/\/www.odvjetnik-strniscak.hr\/si\/kontakt\/#webpage","url":"https:\/\/www.odvjetnik-strniscak.hr\/si\/kontakt\/","name":"Odvetni\u0161ka pisarna Tomislav Strni\u0161\u010dak - Kontaktirajte nas","isPartOf":{"@id":"https:\/\/www.odvjetnik-strniscak.hr\/si\/#website"},"primaryImageOfPage":{"@id":"https:\/\/www.odvjetnik-strniscak.hr\/si\/kontakt\/#primaryimage"},"datePublished":"2019-09-19T19:35:49+00:00","dateModified":"2025-12-13T17:42:50+00:00","description":"Odvetnik Tomislav Strni\u0161\u010dak - Imate vpra\u0161anja o nakupu nepremi\u010dnine na Hrva\u0161kem? Ali potrebujete nekoga, ki vam bo pomagal pri nakupu?...","breadcrumb":{"@id":"https:\/\/www.odvjetnik-strniscak.hr\/si\/kontakt\/#breadcrumb"},"inLanguage":"hr","potentialAction":[{"@type":"ReadAction","target":["https:\/\/www.odvjetnik-strniscak.hr\/si\/kontakt\/"]}]},{"@type":"BreadcrumbList","@id":"https:\/\/www.odvjetnik-strniscak.hr\/si\/kontakt\/#breadcrumb","itemListElement":[{"@type":"ListItem","position":1,"name":"Po\u010detna stranica","item":"https:\/\/www.odvjetnik-strniscak.hr\/si\/"},{"@type":"ListItem","position":2,"name":"Kontakt"}]}]}},"_links":{"self":[{"href":"https:\/\/www.odvjetnik-strniscak.hr\/si\/wp-json\/wp\/v2\/pages\/23"}],"collection":[{"href":"https:\/\/www.odvjetnik-strniscak.hr\/si\/wp-json\/wp\/v2\/pages"}],"about":[{"href":"https:\/\/www.odvjetnik-strniscak.hr\/si\/wp-json\/wp\/v2\/types\/page"}],"author":[{"embeddable":true,"href":"https:\/\/www.odvjetnik-strniscak.hr\/si\/wp-json\/wp\/v2\/users\/1"}],"replies":[{"embeddable":true,"href":"https:\/\/www.odvjetnik-strniscak.hr\/si\/wp-json\/wp\/v2\/comments?post=23"}],"version-history":[{"count":59,"href":"https:\/\/www.odvjetnik-strniscak.hr\/si\/wp-json\/wp\/v2\/pages\/23\/revisions"}],"predecessor-version":[{"id":5606,"href":"https:\/\/www.odvjetnik-strniscak.hr\/si\/wp-json\/wp\/v2\/pages\/23\/revisions\/5606"}],"wp:featuredmedia":[{"embeddable":true,"href":"https:\/\/www.odvjetnik-strniscak.hr\/si\/wp-json\/wp\/v2\/media\/74"}],"wp:attachment":[{"href":"https:\/\/www.odvjetnik-strniscak.hr\/si\/wp-json\/wp\/v2\/media?parent=23"}],"curies":[{"name":"wp","href":"https:\/\/api.w.org\/{rel}","templated":true}]}}