{"id":38,"date":"2019-09-19T22:01:00","date_gmt":"2019-09-19T20:01:00","guid":{"rendered":"http:\/\/www.odvjetnik-strniscak.hr\/si\/?page_id=38"},"modified":"2021-04-21T03:20:52","modified_gmt":"2021-04-21T01:20:52","slug":"obrazec-za-pooblastilo","status":"publish","type":"page","link":"https:\/\/www.odvjetnik-strniscak.hr\/si\/obrazec-za-pooblastilo\/","title":{"rendered":"Obrazec za pooblastilo"},"content":{"rendered":"\n<h2><strong>Oprostite!<\/strong><\/h2>\n\n\n\n<p>Strani so \u0161e v izdelavi. Prosimo za va\u0161e potrpljenje.<\/p>\n\n\n\n<p>Hvala za razumevanje!<\/p>\n\n\n\n<p><a href=\"https:\/\/www.odvjetnik-strniscak.hr\/si\/\">Nazaj na vstopno stran<\/a><\/p>\n","protected":false},"excerpt":{"rendered":"<p>Oprostite! Strani so \u0161e v izdelavi. Prosimo za va\u0161e potrpljenje. Hvala za razumevanje! Nazaj na vstopno stran<\/p>\n","protected":false},"author":1,"featured_media":0,"parent":0,"menu_order":0,"comment_status":"closed","ping_status":"closed","template":"","meta":{"_mi_skip_tracking":false},"yoast_head":"<!-- This site is optimized with the Yoast SEO plugin v17.9 - https:\/\/yoast.com\/wordpress\/plugins\/seo\/ -->\n<title>Obrazec za pooblastilo - Odvetni\u0161ka pisarna Tomislav Strni\u0161\u010dak<\/title>\n<meta name=\"robots\" content=\"index, follow, max-snippet:-1, max-image-preview:large, max-video-preview:-1\" \/>\n<link rel=\"canonical\" href=\"https:\/\/www.odvjetnik-strniscak.hr\/si\/obrazec-za-pooblastilo\/\" \/>\n<meta property=\"og:locale\" content=\"hr_HR\" \/>\n<meta property=\"og:type\" content=\"article\" \/>\n<meta property=\"og:title\" content=\"Obrazec za pooblastilo - Odvetni\u0161ka pisarna Tomislav Strni\u0161\u010dak\" \/>\n<meta property=\"og:description\" content=\"Oprostite! Strani so \u0161e v izdelavi. Prosimo za va\u0161e potrpljenje. Hvala za razumevanje! Nazaj na vstopno stran\" \/>\n<meta property=\"og:url\" content=\"https:\/\/www.odvjetnik-strniscak.hr\/si\/obrazec-za-pooblastilo\/\" \/>\n<meta property=\"og:site_name\" content=\"Odvetni\u0161ka pisarna Tomislav Strni\u0161\u010dak\" \/>\n<meta property=\"article:modified_time\" content=\"2021-04-21T01:20:52+00:00\" \/>\n<meta name=\"twitter:card\" content=\"summary_large_image\" \/>\n<script type=\"application\/ld+json\" class=\"yoast-schema-graph\">{\"@context\":\"https:\/\/schema.org\",\"@graph\":[{\"@type\":\"WebSite\",\"@id\":\"https:\/\/www.odvjetnik-strniscak.hr\/si\/#website\",\"url\":\"https:\/\/www.odvjetnik-strniscak.hr\/si\/\",\"name\":\"Odvetni\\u0161ka pisarna Tomislav Strni\\u0161\\u010dak\",\"description\":\"\",\"potentialAction\":[{\"@type\":\"SearchAction\",\"target\":{\"@type\":\"EntryPoint\",\"urlTemplate\":\"https:\/\/www.odvjetnik-strniscak.hr\/si\/?s={search_term_string}\"},\"query-input\":\"required name=search_term_string\"}],\"inLanguage\":\"hr\"},{\"@type\":\"WebPage\",\"@id\":\"https:\/\/www.odvjetnik-strniscak.hr\/si\/obrazec-za-pooblastilo\/#webpage\",\"url\":\"https:\/\/www.odvjetnik-strniscak.hr\/si\/obrazec-za-pooblastilo\/\",\"name\":\"Obrazec za pooblastilo - Odvetni\\u0161ka pisarna Tomislav Strni\\u0161\\u010dak\",\"isPartOf\":{\"@id\":\"https:\/\/www.odvjetnik-strniscak.hr\/si\/#website\"},\"datePublished\":\"2019-09-19T20:01:00+00:00\",\"dateModified\":\"2021-04-21T01:20:52+00:00\",\"breadcrumb\":{\"@id\":\"https:\/\/www.odvjetnik-strniscak.hr\/si\/obrazec-za-pooblastilo\/#breadcrumb\"},\"inLanguage\":\"hr\",\"potentialAction\":[{\"@type\":\"ReadAction\",\"target\":[\"https:\/\/www.odvjetnik-strniscak.hr\/si\/obrazec-za-pooblastilo\/\"]}]},{\"@type\":\"BreadcrumbList\",\"@id\":\"https:\/\/www.odvjetnik-strniscak.hr\/si\/obrazec-za-pooblastilo\/#breadcrumb\",\"itemListElement\":[{\"@type\":\"ListItem\",\"position\":1,\"name\":\"Po\\u010detna stranica\",\"item\":\"https:\/\/www.odvjetnik-strniscak.hr\/si\/\"},{\"@type\":\"ListItem\",\"position\":2,\"name\":\"Obrazec za pooblastilo\"}]}]}<\/script>\n<!-- \/ Yoast SEO plugin. -->","yoast_head_json":{"title":"Obrazec za pooblastilo - Odvetni\u0161ka pisarna Tomislav Strni\u0161\u010dak","robots":{"index":"index","follow":"follow","max-snippet":"max-snippet:-1","max-image-preview":"max-image-preview:large","max-video-preview":"max-video-preview:-1"},"canonical":"https:\/\/www.odvjetnik-strniscak.hr\/si\/obrazec-za-pooblastilo\/","og_locale":"hr_HR","og_type":"article","og_title":"Obrazec za pooblastilo - Odvetni\u0161ka pisarna Tomislav Strni\u0161\u010dak","og_description":"Oprostite! Strani so \u0161e v izdelavi. Prosimo za va\u0161e potrpljenje. Hvala za razumevanje! Nazaj na vstopno stran","og_url":"https:\/\/www.odvjetnik-strniscak.hr\/si\/obrazec-za-pooblastilo\/","og_site_name":"Odvetni\u0161ka pisarna Tomislav Strni\u0161\u010dak","article_modified_time":"2021-04-21T01:20:52+00:00","twitter_card":"summary_large_image","schema":{"@context":"https:\/\/schema.org","@graph":[{"@type":"WebSite","@id":"https:\/\/www.odvjetnik-strniscak.hr\/si\/#website","url":"https:\/\/www.odvjetnik-strniscak.hr\/si\/","name":"Odvetni\u0161ka pisarna Tomislav Strni\u0161\u010dak","description":"","potentialAction":[{"@type":"SearchAction","target":{"@type":"EntryPoint","urlTemplate":"https:\/\/www.odvjetnik-strniscak.hr\/si\/?s={search_term_string}"},"query-input":"required name=search_term_string"}],"inLanguage":"hr"},{"@type":"WebPage","@id":"https:\/\/www.odvjetnik-strniscak.hr\/si\/obrazec-za-pooblastilo\/#webpage","url":"https:\/\/www.odvjetnik-strniscak.hr\/si\/obrazec-za-pooblastilo\/","name":"Obrazec za pooblastilo - Odvetni\u0161ka pisarna Tomislav Strni\u0161\u010dak","isPartOf":{"@id":"https:\/\/www.odvjetnik-strniscak.hr\/si\/#website"},"datePublished":"2019-09-19T20:01:00+00:00","dateModified":"2021-04-21T01:20:52+00:00","breadcrumb":{"@id":"https:\/\/www.odvjetnik-strniscak.hr\/si\/obrazec-za-pooblastilo\/#breadcrumb"},"inLanguage":"hr","potentialAction":[{"@type":"ReadAction","target":["https:\/\/www.odvjetnik-strniscak.hr\/si\/obrazec-za-pooblastilo\/"]}]},{"@type":"BreadcrumbList","@id":"https:\/\/www.odvjetnik-strniscak.hr\/si\/obrazec-za-pooblastilo\/#breadcrumb","itemListElement":[{"@type":"ListItem","position":1,"name":"Po\u010detna stranica","item":"https:\/\/www.odvjetnik-strniscak.hr\/si\/"},{"@type":"ListItem","position":2,"name":"Obrazec za pooblastilo"}]}]}},"_links":{"self":[{"href":"https:\/\/www.odvjetnik-strniscak.hr\/si\/wp-json\/wp\/v2\/pages\/38"}],"collection":[{"href":"https:\/\/www.odvjetnik-strniscak.hr\/si\/wp-json\/wp\/v2\/pages"}],"about":[{"href":"https:\/\/www.odvjetnik-strniscak.hr\/si\/wp-json\/wp\/v2\/types\/page"}],"author":[{"embeddable":true,"href":"https:\/\/www.odvjetnik-strniscak.hr\/si\/wp-json\/wp\/v2\/users\/1"}],"replies":[{"embeddable":true,"href":"https:\/\/www.odvjetnik-strniscak.hr\/si\/wp-json\/wp\/v2\/comments?post=38"}],"version-history":[{"count":26,"href":"https:\/\/www.odvjetnik-strniscak.hr\/si\/wp-json\/wp\/v2\/pages\/38\/revisions"}],"predecessor-version":[{"id":5544,"href":"https:\/\/www.odvjetnik-strniscak.hr\/si\/wp-json\/wp\/v2\/pages\/38\/revisions\/5544"}],"wp:attachment":[{"href":"https:\/\/www.odvjetnik-strniscak.hr\/si\/wp-json\/wp\/v2\/media?parent=38"}],"curies":[{"name":"wp","href":"https:\/\/api.w.org\/{rel}","templated":true}]}}