{"id":42,"date":"2019-09-19T22:01:23","date_gmt":"2019-09-19T20:01:23","guid":{"rendered":"http:\/\/www.odvjetnik-strniscak.hr\/si\/?page_id=42"},"modified":"2025-12-15T08:25:34","modified_gmt":"2025-12-15T07:25:34","slug":"piskotki","status":"publish","type":"page","link":"https:\/\/www.odvjetnik-strniscak.hr\/si\/piskotki\/","title":{"rendered":"Pi\u0161kotki"},"content":{"rendered":"\n<h2><strong>Pi\u0161kotki (Cookies)<\/strong><\/h2>\n\n\n\n<p>Odvetnik Tomislav Strni\u0161\u010dak si pridr\u017eujem pravico, da na svojih spletnih mestih uporabljam pi\u0161kotke, in sicer zaradi zagotovitve bolj\u0161e uporabni\u0161ke izku\u0161nje.<\/p>\n\n\n\n<p>Da bi obisk tega spletnega mesta bil \u010dim bolj prijeten, funkcionalen in prakti\u010den, spletno mesto&nbsp;<a href=\"https:\/\/www.odvjetnik-strniscak.hr\/si\">www.odvjetnik-strniscak.hr\/si<\/a>&nbsp;&nbsp;na va\u0161 ra\u010dunalnik nalaga in shranjuje dolo\u010deno koli\u010dino informacij, tako imenovanih cookies (pi\u0161kotki).<\/p>\n\n\n\n<p>Le ti so namenjeni tako zagotovitvi optimalnega delovanja spletnega mesta, kot tudi izbolj\u0161anju va\u0161e izku\u0161nje pregledovanja in uporabe spletne strani.<\/p>\n\n\n\n<p>Z obiskom in uporabo tega spletnega mesta &nbsp;sogla\u0161ate z uporabo pi\u0161kotkov, ki se tudi lahko blokirajo.<\/p>\n\n\n\n<p>\u010ce jih blokirate, boste \u0161e naprej lahko pregledovali spletno mesto, vendar vam dolo\u010dene mo\u017enosti ne bodo dostopne.<\/p>\n\n\n\n<h2><strong>Kaj so pi\u0161kotki?<\/strong><\/h2>\n\n\n\n<p>Spletne strani &nbsp;<a href=\"https:\/\/www.odvjetnik-strniscak.hr\/si\">www.odvjetnik-strniscak.hr\/si<\/a>&nbsp;uporabljajo pi\u0161kotke, da bi obiskovalcem in potencialnim uporabnikom &nbsp;odvetni\u0161kih storitev nudile personalizirano izku\u0161njo ter za zbiranje podatkov o uporabi spletnega mesta.<\/p>\n\n\n\n<p>Pi\u0161kotki lahko izbolj\u0161ajo va\u0161o izku\u0161njo na spletnem mestu odvetnika, ker omogo\u010dajo zapomnitev in shranjevanje &nbsp;va\u0161ih \u017eelja in navad ob vsakem obisku spletnega mesta.<\/p>\n\n\n\n<p>Pi\u0161kotek je del informacij, shranjenih na va\u0161em ra\u010dunalniku, mobitelu ali prenosniku, ki so lahko dostavljene neposredno s strani spletnega mesta, katerega obiskujete (pi\u0161kotki s prve strani) ali v sodelovanju in za potrebe spletnega mesta s strani tretje osebe (pi\u0161kotki tretje strani).<\/p>\n\n\n\n<p>Pi\u0161kotki praviloma shranjujejo va\u0161e nastavitve, nastavitve za spletno mesto in podobno. Potem, ko ponovno odprete spletno mesto &nbsp;odvetnika Tomislava Strni\u0161\u010daka, va\u0161 internetski brskalnik po\u0161ilja nazaj pi\u0161kotke, ki pripadajo navedenemu spletnemu mestu.<\/p>\n\n\n\n<p>To spletnem mestu omogo\u010da, da prika\u017ee informacije, ki so prilagojene va\u0161im potrebam. Pi\u0161kotki imajo lahko \u0161irok razpon informacij, vklju\u010dujo\u010d tudi del osebnih informacij.<\/p>\n\n\n\n<p>Tak\u0161ne informacije se lahko shranijo le, \u010de jim vi to omogo\u010dite. Spletno mesto samo ne more dobiti dostopa do informacij, ki jim jih niste dali in ne morejo dostopati do nobene druge datoteke na va\u0161em ra\u010dunalniku.<\/p>\n\n\n\n<p><\/p>\n\n\n\n<h2><strong>Uporaba pi\u0161kotkov na spletnih straneh odvetnika<\/strong><\/h2>\n\n\n\n<p>Odvetni\u0161ka pisarna Tomislav Strni\u0161\u010dak uporablja pi\u0161kotke v namene statisti\u010dnega spremljanja obiskov na svojih spletnih straneh in izklju\u010dno zaradi pridobivanja potrebnih informacij o privla\u010dnosti in uspe\u0161nosti svojih straneh, pri tem pa uporablja storitev tretje strani pod nazivom Google Analytics.<\/p>\n\n\n\n<p>Podrobne informacije, ki jih o tej storitvi daje Google, kot tudi o mo\u017enostih uporabnikov, da urejajo nastavitve pi\u0161kotkov, ki so za to potrebni, so dostopne na Google.<\/p>\n\n\n\n<p>\u010ce \u017eelite onemogo\u010diti shranjevanje pi\u0161kotkov na svojem ra\u010dunalniku, le to lahko storite tako, da jih blokirate, vendar lahko to ima ne\u017eelene u\u010dinke na uporabo spletnega mesta.<\/p>\n\n\n\n<p>Za izklop pi\u0161kotkov na va\u0161em ra\u010dunalniku je treba nastaviti stavke in konfiguracije va\u0161ega spletnega brskalnika.<\/p>\n\n\n\n<p>V meniju brskalnika izberite pomo\u010d in informacije o pi\u0161kotkih ter sledite navodilom. Obstajate dve kategoriji pi\u0161kotkov \u2013 za\u010dasni in stalni.<\/p>\n\n\n\n<p>Za\u010dasni pi\u0161kotki se z ra\u010dunalnika odstranijo po zapiranju spletnega brskalnika.<\/p>\n\n\n\n<p>Z njihovo pomo\u010djo spletna mesta shranjujejo za\u010dasne podatke. Stalni pi\u0161kotki se shranjujejo na Va\u0161em ra\u010dunalniku in na njem ostanejo tudi po zapiranju programa spletnega preglednika.<\/p>\n","protected":false},"excerpt":{"rendered":"<p>Pi\u0161kotki (Cookies) Odvetnik Tomislav Strni\u0161\u010dak si pridr\u017eujem pravico, da na svojih spletnih mestih uporabljam pi\u0161kotke, in sicer zaradi zagotovitve bolj\u0161e uporabni\u0161ke izku\u0161nje. Da bi obisk tega spletnega mesta bil \u010dim bolj prijeten, funkcionalen in prakti\u010den, spletno mesto&nbsp;www.odvjetnik-strniscak.hr\/si&nbsp;&nbsp;na va\u0161 ra\u010dunalnik nalaga in shranjuje dolo\u010deno koli\u010dino informacij, tako imenovanih cookies (pi\u0161kotki). Le ti so namenjeni tako zagotovitvi [&hellip;]<\/p>\n","protected":false},"author":1,"featured_media":3360,"parent":0,"menu_order":0,"comment_status":"closed","ping_status":"closed","template":"","meta":{"_mi_skip_tracking":false},"yoast_head":"<!-- This site is optimized with the Yoast SEO plugin v17.9 - https:\/\/yoast.com\/wordpress\/plugins\/seo\/ -->\n<title>Pi\u0161kotki - Odvjetni\u010dki ured Tomislav Strni\u0161\u010dak | Odvjetnik \u010cakovec<\/title>\n<meta name=\"description\" content=\"Na web stranicama odvjetnika Tomislav Strni\u0161\u010dak se koriste kola\u010di\u0107i iz razloga kako bi se posjetiteljima omogu\u0107ilo bolje korisni\u010dko iskustvo...\" \/>\n<meta name=\"robots\" content=\"index, follow, max-snippet:-1, max-image-preview:large, max-video-preview:-1\" \/>\n<link rel=\"canonical\" href=\"https:\/\/www.odvjetnik-strniscak.hr\/si\/piskotki\/\" \/>\n<meta property=\"og:locale\" content=\"hr_HR\" \/>\n<meta property=\"og:type\" content=\"article\" \/>\n<meta property=\"og:title\" content=\"Pi\u0161kotki - Odvjetni\u010dki ured Tomislav Strni\u0161\u010dak | Odvjetnik \u010cakovec\" \/>\n<meta property=\"og:description\" content=\"Na web stranicama odvjetnika Tomislav Strni\u0161\u010dak se koriste kola\u010di\u0107i iz razloga kako bi se posjetiteljima omogu\u0107ilo bolje korisni\u010dko iskustvo...\" \/>\n<meta property=\"og:url\" content=\"https:\/\/www.odvjetnik-strniscak.hr\/si\/piskotki\/\" \/>\n<meta property=\"og:site_name\" content=\"Odvetni\u0161ka pisarna Tomislav Strni\u0161\u010dak\" \/>\n<meta property=\"article:modified_time\" content=\"2025-12-15T07:25:34+00:00\" \/>\n<meta property=\"og:image\" content=\"https:\/\/www.odvjetnik-strniscak.hr\/si\/wp-content\/uploads\/sites\/3\/2020\/04\/Kola\u010di\u0107i.jpg\" \/>\n\t<meta property=\"og:image:width\" content=\"1250\" \/>\n\t<meta property=\"og:image:height\" content=\"632\" \/>\n\t<meta property=\"og:image:type\" content=\"image\/jpeg\" \/>\n<meta name=\"twitter:card\" content=\"summary_large_image\" \/>\n<meta name=\"twitter:label1\" content=\"Procijenjeno vrijeme \u010ditanja\" \/>\n\t<meta name=\"twitter:data1\" content=\"3 minute\" \/>\n<script type=\"application\/ld+json\" class=\"yoast-schema-graph\">{\"@context\":\"https:\/\/schema.org\",\"@graph\":[{\"@type\":\"WebSite\",\"@id\":\"https:\/\/www.odvjetnik-strniscak.hr\/si\/#website\",\"url\":\"https:\/\/www.odvjetnik-strniscak.hr\/si\/\",\"name\":\"Odvetni\\u0161ka pisarna Tomislav Strni\\u0161\\u010dak\",\"description\":\"\",\"potentialAction\":[{\"@type\":\"SearchAction\",\"target\":{\"@type\":\"EntryPoint\",\"urlTemplate\":\"https:\/\/www.odvjetnik-strniscak.hr\/si\/?s={search_term_string}\"},\"query-input\":\"required name=search_term_string\"}],\"inLanguage\":\"hr\"},{\"@type\":\"ImageObject\",\"@id\":\"https:\/\/www.odvjetnik-strniscak.hr\/si\/piskotki\/#primaryimage\",\"inLanguage\":\"hr\",\"url\":\"https:\/\/www.odvjetnik-strniscak.hr\/si\/wp-content\/uploads\/sites\/3\/2020\/04\/Kola\\u010di\\u0107i.jpg\",\"contentUrl\":\"https:\/\/www.odvjetnik-strniscak.hr\/si\/wp-content\/uploads\/sites\/3\/2020\/04\/Kola\\u010di\\u0107i.jpg\",\"width\":1250,\"height\":632,\"caption\":\"Kola\\u010di\\u0107i\"},{\"@type\":\"WebPage\",\"@id\":\"https:\/\/www.odvjetnik-strniscak.hr\/si\/piskotki\/#webpage\",\"url\":\"https:\/\/www.odvjetnik-strniscak.hr\/si\/piskotki\/\",\"name\":\"Pi\\u0161kotki - Odvjetni\\u010dki ured Tomislav Strni\\u0161\\u010dak | Odvjetnik \\u010cakovec\",\"isPartOf\":{\"@id\":\"https:\/\/www.odvjetnik-strniscak.hr\/si\/#website\"},\"primaryImageOfPage\":{\"@id\":\"https:\/\/www.odvjetnik-strniscak.hr\/si\/piskotki\/#primaryimage\"},\"datePublished\":\"2019-09-19T20:01:23+00:00\",\"dateModified\":\"2025-12-15T07:25:34+00:00\",\"description\":\"Na web stranicama odvjetnika Tomislav Strni\\u0161\\u010dak se koriste kola\\u010di\\u0107i iz razloga kako bi se posjetiteljima omogu\\u0107ilo bolje korisni\\u010dko iskustvo...\",\"breadcrumb\":{\"@id\":\"https:\/\/www.odvjetnik-strniscak.hr\/si\/piskotki\/#breadcrumb\"},\"inLanguage\":\"hr\",\"potentialAction\":[{\"@type\":\"ReadAction\",\"target\":[\"https:\/\/www.odvjetnik-strniscak.hr\/si\/piskotki\/\"]}]},{\"@type\":\"BreadcrumbList\",\"@id\":\"https:\/\/www.odvjetnik-strniscak.hr\/si\/piskotki\/#breadcrumb\",\"itemListElement\":[{\"@type\":\"ListItem\",\"position\":1,\"name\":\"Po\\u010detna stranica\",\"item\":\"https:\/\/www.odvjetnik-strniscak.hr\/si\/\"},{\"@type\":\"ListItem\",\"position\":2,\"name\":\"Pi\\u0161kotki\"}]}]}<\/script>\n<!-- \/ Yoast SEO plugin. -->","yoast_head_json":{"title":"Pi\u0161kotki - Odvjetni\u010dki ured Tomislav Strni\u0161\u010dak | Odvjetnik \u010cakovec","description":"Na web stranicama odvjetnika Tomislav Strni\u0161\u010dak se koriste kola\u010di\u0107i iz razloga kako bi se posjetiteljima omogu\u0107ilo bolje korisni\u010dko iskustvo...","robots":{"index":"index","follow":"follow","max-snippet":"max-snippet:-1","max-image-preview":"max-image-preview:large","max-video-preview":"max-video-preview:-1"},"canonical":"https:\/\/www.odvjetnik-strniscak.hr\/si\/piskotki\/","og_locale":"hr_HR","og_type":"article","og_title":"Pi\u0161kotki - Odvjetni\u010dki ured Tomislav Strni\u0161\u010dak | Odvjetnik \u010cakovec","og_description":"Na web stranicama odvjetnika Tomislav Strni\u0161\u010dak se koriste kola\u010di\u0107i iz razloga kako bi se posjetiteljima omogu\u0107ilo bolje korisni\u010dko iskustvo...","og_url":"https:\/\/www.odvjetnik-strniscak.hr\/si\/piskotki\/","og_site_name":"Odvetni\u0161ka pisarna Tomislav Strni\u0161\u010dak","article_modified_time":"2025-12-15T07:25:34+00:00","og_image":[{"width":1250,"height":632,"url":"https:\/\/www.odvjetnik-strniscak.hr\/si\/wp-content\/uploads\/sites\/3\/2020\/04\/Kola\u010di\u0107i.jpg","type":"image\/jpeg"}],"twitter_card":"summary_large_image","twitter_misc":{"Procijenjeno vrijeme \u010ditanja":"3 minute"},"schema":{"@context":"https:\/\/schema.org","@graph":[{"@type":"WebSite","@id":"https:\/\/www.odvjetnik-strniscak.hr\/si\/#website","url":"https:\/\/www.odvjetnik-strniscak.hr\/si\/","name":"Odvetni\u0161ka pisarna Tomislav Strni\u0161\u010dak","description":"","potentialAction":[{"@type":"SearchAction","target":{"@type":"EntryPoint","urlTemplate":"https:\/\/www.odvjetnik-strniscak.hr\/si\/?s={search_term_string}"},"query-input":"required name=search_term_string"}],"inLanguage":"hr"},{"@type":"ImageObject","@id":"https:\/\/www.odvjetnik-strniscak.hr\/si\/piskotki\/#primaryimage","inLanguage":"hr","url":"https:\/\/www.odvjetnik-strniscak.hr\/si\/wp-content\/uploads\/sites\/3\/2020\/04\/Kola\u010di\u0107i.jpg","contentUrl":"https:\/\/www.odvjetnik-strniscak.hr\/si\/wp-content\/uploads\/sites\/3\/2020\/04\/Kola\u010di\u0107i.jpg","width":1250,"height":632,"caption":"Kola\u010di\u0107i"},{"@type":"WebPage","@id":"https:\/\/www.odvjetnik-strniscak.hr\/si\/piskotki\/#webpage","url":"https:\/\/www.odvjetnik-strniscak.hr\/si\/piskotki\/","name":"Pi\u0161kotki - Odvjetni\u010dki ured Tomislav Strni\u0161\u010dak | Odvjetnik \u010cakovec","isPartOf":{"@id":"https:\/\/www.odvjetnik-strniscak.hr\/si\/#website"},"primaryImageOfPage":{"@id":"https:\/\/www.odvjetnik-strniscak.hr\/si\/piskotki\/#primaryimage"},"datePublished":"2019-09-19T20:01:23+00:00","dateModified":"2025-12-15T07:25:34+00:00","description":"Na web stranicama odvjetnika Tomislav Strni\u0161\u010dak se koriste kola\u010di\u0107i iz razloga kako bi se posjetiteljima omogu\u0107ilo bolje korisni\u010dko iskustvo...","breadcrumb":{"@id":"https:\/\/www.odvjetnik-strniscak.hr\/si\/piskotki\/#breadcrumb"},"inLanguage":"hr","potentialAction":[{"@type":"ReadAction","target":["https:\/\/www.odvjetnik-strniscak.hr\/si\/piskotki\/"]}]},{"@type":"BreadcrumbList","@id":"https:\/\/www.odvjetnik-strniscak.hr\/si\/piskotki\/#breadcrumb","itemListElement":[{"@type":"ListItem","position":1,"name":"Po\u010detna stranica","item":"https:\/\/www.odvjetnik-strniscak.hr\/si\/"},{"@type":"ListItem","position":2,"name":"Pi\u0161kotki"}]}]}},"_links":{"self":[{"href":"https:\/\/www.odvjetnik-strniscak.hr\/si\/wp-json\/wp\/v2\/pages\/42"}],"collection":[{"href":"https:\/\/www.odvjetnik-strniscak.hr\/si\/wp-json\/wp\/v2\/pages"}],"about":[{"href":"https:\/\/www.odvjetnik-strniscak.hr\/si\/wp-json\/wp\/v2\/types\/page"}],"author":[{"embeddable":true,"href":"https:\/\/www.odvjetnik-strniscak.hr\/si\/wp-json\/wp\/v2\/users\/1"}],"replies":[{"embeddable":true,"href":"https:\/\/www.odvjetnik-strniscak.hr\/si\/wp-json\/wp\/v2\/comments?post=42"}],"version-history":[{"count":16,"href":"https:\/\/www.odvjetnik-strniscak.hr\/si\/wp-json\/wp\/v2\/pages\/42\/revisions"}],"predecessor-version":[{"id":5608,"href":"https:\/\/www.odvjetnik-strniscak.hr\/si\/wp-json\/wp\/v2\/pages\/42\/revisions\/5608"}],"wp:featuredmedia":[{"embeddable":true,"href":"https:\/\/www.odvjetnik-strniscak.hr\/si\/wp-json\/wp\/v2\/media\/3360"}],"wp:attachment":[{"href":"https:\/\/www.odvjetnik-strniscak.hr\/si\/wp-json\/wp\/v2\/media?parent=42"}],"curies":[{"name":"wp","href":"https:\/\/api.w.org\/{rel}","templated":true}]}}